{"id":626,"date":"2024-07-04T15:14:08","date_gmt":"2024-07-04T13:14:08","guid":{"rendered":"https:\/\/new.juddu.org\/dev\/?page_id=626"},"modified":"2025-11-10T19:03:06","modified_gmt":"2025-11-10T18:03:06","slug":"contact","status":"publish","type":"page","link":"https:\/\/www.juddu.org\/en\/contact\/","title":{"rendered":"Contact"},"content":{"rendered":"<div data-elementor-type=\"wp-page\" data-elementor-id=\"626\" class=\"elementor elementor-626\">\n\t\t\t\t<div class=\"elementor-element elementor-element-0b2499b e-flex e-con-boxed e-con e-parent\" data-id=\"0b2499b\" data-element_type=\"container\">\n\t\t\t\t\t<div class=\"e-con-inner\">\n\t\t<div class=\"elementor-element elementor-element-4e15ef8 e-con-full e-flex e-con e-child\" data-id=\"4e15ef8\" data-element_type=\"container\">\n\t\t\t\t<div class=\"elementor-element elementor-element-e12cf38 elementor-widget__width-initial elementor-widget elementor-widget-text-editor\" data-id=\"e12cf38\" data-element_type=\"widget\" data-widget_type=\"text-editor.default\">\n\t\t\t\t\t\t\t\t\t<h3>Envoyez-nous vos questions<\/h3>\t\t\t\t\t\t\t\t<\/div>\n\t\t\t\t<div class=\"elementor-element elementor-element-5afb224 elementor-widget elementor-widget-wpforms\" data-id=\"5afb224\" data-element_type=\"widget\" data-widget_type=\"wpforms.default\">\n\t\t\t\t<div class=\"elementor-widget-container\">\n\t\t\t\t\t<style id=\"wpforms-css-vars-elementor-widget-5afb224\">\n\t\t\t\t.elementor-widget-wpforms.elementor-element-5afb224 {\n\t\t\t\t--wpforms-button-border-radius: 25px;\n--wpforms-button-background-color: #e1e8ed;\n--wpforms-button-text-color: #192a3d;\n\t\t\t}\n\t\t\t<\/style><div class=\"wpforms-container wpforms-container-full wpforms-render-modern\" id=\"wpforms-2280\"><form id=\"wpforms-form-2280\" class=\"wpforms-validate wpforms-form wpforms-ajax-form\" data-formid=\"2280\" method=\"post\" enctype=\"multipart\/form-data\" action=\"\/en\/wp-json\/wp\/v2\/pages\/626\" data-token=\"abee6bec16adcc0489cdd39800869027\" data-token-time=\"1776149610\" data-trp-original-action=\"\/en\/wp-json\/wp\/v2\/pages\/626\"><noscript class=\"wpforms-error-noscript\">Please enable JavaScript in your browser to complete this form.<\/noscript><div id=\"wpforms-error-noscript\" style=\"display: none;\">Please enable JavaScript in your browser to complete this form.<\/div><div class=\"wpforms-field-container\">\t\t<div id=\"wpforms-2280-field_4-container\"\n\t\t\tclass=\"wpforms-field wpforms-field-text\"\n\t\t\tdata-field-type=\"text\"\n\t\t\tdata-field-id=\"4\"\n\t\t\t>\n\t\t\t<label class=\"wpforms-field-label\" for=\"wpforms-2280-field_4\" >Nom Accord Commentaire<\/label>\n\t\t\t<input type=\"text\" id=\"wpforms-2280-field_4\" class=\"wpforms-field-medium\" name=\"wpforms[fields][4]\" >\n\t\t<\/div>\n\t\t<div id=\"wpforms-2280-field_1-container\" class=\"wpforms-field wpforms-field-name\" data-field-id=\"1\"><label class=\"wpforms-field-label\" for=\"wpforms-2280-field_1\">Nom <span class=\"wpforms-required-label\" aria-hidden=\"true\">*<\/span><\/label><input type=\"text\" id=\"wpforms-2280-field_1\" class=\"wpforms-field-medium wpforms-field-required\" name=\"wpforms[fields][1]\" aria-errormessage=\"wpforms-2280-field_1-error\" required><\/div><div id=\"wpforms-2280-field_2-container\" class=\"wpforms-field wpforms-field-email\" data-field-id=\"2\"><label class=\"wpforms-field-label\" for=\"wpforms-2280-field_2\">E-mail <span class=\"wpforms-required-label\" aria-hidden=\"true\">*<\/span><\/label><input type=\"email\" id=\"wpforms-2280-field_2\" class=\"wpforms-field-medium wpforms-field-required\" name=\"wpforms[fields][2]\" spellcheck=\"false\" aria-errormessage=\"wpforms-2280-field_2-error\" required><\/div><div id=\"wpforms-2280-field_3-container\" class=\"wpforms-field wpforms-field-textarea\" data-field-id=\"3\"><label class=\"wpforms-field-label\" for=\"wpforms-2280-field_3\">Commentaire ou message <span class=\"wpforms-required-label\" aria-hidden=\"true\">*<\/span><\/label><textarea id=\"wpforms-2280-field_3\" class=\"wpforms-field-medium wpforms-field-required\" name=\"wpforms[fields][3]\" aria-errormessage=\"wpforms-2280-field_3-error\" required><\/textarea><\/div><div id=\"wpforms-2280-field_5-container\" class=\"wpforms-field wpforms-field-gdpr-checkbox\" data-field-id=\"5\"><label class=\"wpforms-field-label\">Accord RGPD <span class=\"wpforms-required-label\" aria-hidden=\"true\">*<\/span><\/label><ul id=\"wpforms-2280-field_5\" class=\"wpforms-field-required\"><li class=\"choice-1\"><input type=\"checkbox\" id=\"wpforms-2280-field_5_1\" name=\"wpforms[fields][5][]\" value=\"Je consens \u00e0 ce que ce site stocke mes informations envoy\u00e9es afin qu\u2019ils puissent r\u00e9pondre \u00e0 ma requ\u00eate.\" aria-errormessage=\"wpforms-2280-field_5_1-error\" required><label class=\"wpforms-field-label-inline\" for=\"wpforms-2280-field_5_1\">Je consens \u00e0 ce que ce site stocke mes informations envoy\u00e9es afin qu\u2019ils puissent r\u00e9pondre \u00e0 ma requ\u00eate.<\/label><\/li><\/ul><\/div><script>\n\t\t\t\t( function() {\n\t\t\t\t\tconst style = document.createElement( 'style' );\n\t\t\t\t\tstyle.appendChild( document.createTextNode( '#wpforms-2280-field_4-container { position: absolute !important; overflow: hidden !important; display: inline !important; height: 1px !important; width: 1px !important; z-index: -1000 !important; padding: 0 !important; } #wpforms-2280-field_4-container input { visibility: hidden; } #wpforms-conversational-form-page #wpforms-2280-field_4-container label { counter-increment: none; }' ) );\n\t\t\t\t\tdocument.head.appendChild( style );\n\t\t\t\t\tdocument.currentScript?.remove();\n\t\t\t\t} )();\n\t\t\t<\/script><\/div><!-- .wpforms-field-container --><div class=\"wpforms-recaptcha-container wpforms-is-hcaptcha\" ><div class=\"h-captcha\" data-sitekey=\"cac2102a-a4b4-46cc-b9ee-f128e5e6e01a\"><\/div><input type=\"text\" name=\"g-recaptcha-hidden\" class=\"wpforms-recaptcha-hidden\" style=\"position:absolute!important;clip:rect(0,0,0,0)!important;height:1px!important;width:1px!important;border:0!important;overflow:hidden!important;padding:0!important;margin:0!important;\" data-rule-hcaptcha=\"1\"><\/div><div class=\"wpforms-submit-container\" ><input type=\"hidden\" name=\"wpforms[id]\" value=\"2280\"><input type=\"hidden\" name=\"page_title\" value=\"\"><input type=\"hidden\" name=\"page_url\" value=\"https:\/\/www.juddu.org\/en\/wp-json\/wp\/v2\/pages\/626\"><input type=\"hidden\" name=\"url_referer\" value=\"\"><button type=\"submit\" name=\"wpforms[submit]\" id=\"wpforms-submit-2280\" class=\"wpforms-submit\" data-alt-text=\"Envoi...\" data-submit-text=\"Envoyer\" aria-live=\"assertive\" value=\"wpforms-submit\">Envoyer<\/button><img decoding=\"async\" src=\"https:\/\/www.juddu.org\/wp-content\/plugins\/wpforms-lite\/assets\/images\/submit-spin.svg\" class=\"wpforms-submit-spinner\" style=\"display: none;\" width=\"26\" height=\"26\" alt=\"Loading\"><\/div><input type=\"hidden\" name=\"trp-form-language\" value=\"en\"\/><\/form><\/div>  <!-- .wpforms-container -->\t\t\t\t<\/div>\n\t\t\t\t<\/div>\n\t\t\t\t<\/div>\n\t\t<div class=\"elementor-element elementor-element-67ed1cd e-con-full e-flex e-con e-child\" data-id=\"67ed1cd\" data-element_type=\"container\">\n\t\t<div class=\"elementor-element elementor-element-28bb6b7 e-con-full e-flex e-con e-child\" data-id=\"28bb6b7\" data-element_type=\"container\">\n\t\t\t\t<div class=\"elementor-element elementor-element-b479b9c elementor-widget__width-initial elementor-widget elementor-widget-image\" data-id=\"b479b9c\" data-element_type=\"widget\" data-widget_type=\"image.default\">\n\t\t\t\t\t\t\t\t\t\t\t\t\t\t\t<img fetchpriority=\"high\" decoding=\"async\" width=\"233\" height=\"300\" src=\"https:\/\/www.juddu.org\/wp-content\/uploads\/2025\/09\/Photo-Etienne-Marot-233x300.jpg\" class=\"attachment-medium size-medium wp-image-2055\" alt=\"\" srcset=\"https:\/\/www.juddu.org\/wp-content\/uploads\/2025\/09\/Photo-Etienne-Marot-233x300.jpg 233w, https:\/\/www.juddu.org\/wp-content\/uploads\/2025\/09\/Photo-Etienne-Marot-9x12.jpg 9w, https:\/\/www.juddu.org\/wp-content\/uploads\/2025\/09\/Photo-Etienne-Marot.jpg 396w\" sizes=\"(max-width: 233px) 100vw, 233px\" \/>\t\t\t\t\t\t\t\t\t\t\t\t\t\t\t<\/div>\n\t\t\t\t<div class=\"elementor-element elementor-element-38c5d5a elementor-widget__width-initial elementor-widget elementor-widget-text-editor\" data-id=\"38c5d5a\" data-element_type=\"widget\" data-widget_type=\"text-editor.default\">\n\t\t\t\t\t\t\t\t\t<p><strong>Pr\u00e9sident JUDDU Belgique<\/strong><br \/>Etienne Marot<br \/>Dr\u00e8ve de L&rsquo;Arc-en-Ciel, 23<br \/>B-6700 ARLON <br \/>T\u00e9l. : (+32) 471 132523<br \/>Email:\u00a0<a href=\"mailto:juddu@juddu.org\" target=\"_blank\" rel=\"noopener\">juddu@juddu.org<\/a><\/p>\t\t\t\t\t\t\t\t<\/div>\n\t\t\t\t<\/div>\n\t\t<div class=\"elementor-element elementor-element-4189e01 e-con-full e-flex e-con e-child\" data-id=\"4189e01\" data-element_type=\"container\">\n\t\t\t\t<div class=\"elementor-element elementor-element-8520bbd elementor-widget__width-initial elementor-widget elementor-widget-image\" data-id=\"8520bbd\" data-element_type=\"widget\" data-widget_type=\"image.default\">\n\t\t\t\t\t\t\t\t\t\t\t\t\t\t\t<img decoding=\"async\" width=\"150\" height=\"150\" src=\"https:\/\/www.juddu.org\/wp-content\/uploads\/2024\/06\/aldo-scaled-1-150x150.jpg\" class=\"attachment-thumbnail size-thumbnail wp-image-351\" alt=\"\" \/>\t\t\t\t\t\t\t\t\t\t\t\t\t\t\t<\/div>\n\t\t\t\t<div class=\"elementor-element elementor-element-0ebe430 elementor-widget__width-initial elementor-widget elementor-widget-text-editor\" data-id=\"0ebe430\" data-element_type=\"widget\" data-widget_type=\"text-editor.default\">\n\t\t\t\t\t\t\t\t\t<p><strong>Pr\u00e9sident JUDDU Luxembourg<\/strong><br \/>Aldo Trisciuoglio<br \/>Rue Prommenschenkel, 26<br \/>L-4649 Oberkorn\/Differdange<br \/>T\u00e9l. : (+352) 621 219 998<br \/>Email:\u00a0<a href=\"mailto:aldo.trisciuoglio@juddu.org\" target=\"_blank\" rel=\"noopener\">aldo.trisciuoglio@juddu.org<\/a><\/p>\t\t\t\t\t\t\t\t<\/div>\n\t\t\t\t<\/div>\n\t\t<div class=\"elementor-element elementor-element-3aebe9b e-con-full e-flex e-con e-child\" data-id=\"3aebe9b\" data-element_type=\"container\">\n\t\t\t\t<div class=\"elementor-element elementor-element-6fb5ac8 elementor-widget__width-initial elementor-widget elementor-widget-image\" data-id=\"6fb5ac8\" data-element_type=\"widget\" data-widget_type=\"image.default\">\n\t\t\t\t\t\t\t\t\t\t\t\t\t\t\t<img loading=\"lazy\" decoding=\"async\" width=\"161\" height=\"216\" src=\"https:\/\/www.juddu.org\/wp-content\/uploads\/2025\/10\/bathie.jpg\" class=\"attachment-medium size-medium wp-image-2248\" alt=\"\" srcset=\"https:\/\/www.juddu.org\/wp-content\/uploads\/2025\/10\/bathie.jpg 161w, https:\/\/www.juddu.org\/wp-content\/uploads\/2025\/10\/bathie-9x12.jpg 9w\" sizes=\"(max-width: 161px) 100vw, 161px\" \/>\t\t\t\t\t\t\t\t\t\t\t\t\t\t\t<\/div>\n\t\t\t\t<div class=\"elementor-element elementor-element-58d6f94 elementor-widget__width-initial elementor-widget elementor-widget-text-editor\" data-id=\"58d6f94\" data-element_type=\"widget\" data-widget_type=\"text-editor.default\">\n\t\t\t\t\t\t\t\t\t<div><p><strong>Pr\u00e9sident JUDDU JOG DOKH<br \/><\/strong>Bathie Mboup<br \/>Villa n\u00b0590, Bo\u00eete Postale 18262,<br \/>Rue 10 Pikine Gazelle<br \/>Pikine<br \/>T\u00e9l. : (+221) 775020426<br \/>Email:\u00a0<a href=\"mailto:judduasbl@yahoo.fr\">judduasbl@yahoo.fr<\/a><strong><br \/><\/strong><\/p><\/div>\t\t\t\t\t\t\t\t<\/div>\n\t\t\t\t<\/div>\n\t\t\t\t<\/div>\n\t\t\t\t\t<\/div>\n\t\t\t\t<\/div>\n\t\t\t\t<\/div>","protected":false},"excerpt":{"rendered":"<p>Envoyez-nous vos questions Veuillez activer JavaScript dans votre navigateur pour remplir ce formulaire.Veuillez activer JavaScript dans votre navigateur pour remplir ce formulaire.Nom *E-mail *Commentaire ou message *Accord RGPD * Je consens \u00e0 ce que ce site stocke mes informations envoy\u00e9es afin qu\u2019ils puissent r\u00e9pondre \u00e0 ma requ\u00eate. Envoyer Pr\u00e9sident JUDDU BelgiqueEtienne MarotDr\u00e8ve de L&rsquo;Arc-en-Ciel, 23B-6700 [&hellip;]<\/p>","protected":false},"author":1,"featured_media":0,"parent":0,"menu_order":0,"comment_status":"closed","ping_status":"closed","template":"","meta":{"footnotes":""},"class_list":["post-626","page","type-page","status-publish","hentry"],"blocksy_meta":{"has_hero_section":"disabled","styles_descriptor":{"styles":{"desktop":"","tablet":"","mobile":""},"google_fonts":[],"version":6}},"yoast_head":"<!-- This site is optimized with the Yoast SEO plugin v26.7 - https:\/\/yoast.com\/wordpress\/plugins\/seo\/ -->\n<title>Contact - JUDDU<\/title>\n<meta name=\"robots\" content=\"index, follow, max-snippet:-1, max-image-preview:large, max-video-preview:-1\" \/>\n<link rel=\"canonical\" href=\"https:\/\/www.juddu.org\/en\/contact\/\" \/>\n<meta property=\"og:locale\" content=\"en_GB\" \/>\n<meta property=\"og:type\" content=\"article\" \/>\n<meta property=\"og:title\" content=\"Contact - JUDDU\" \/>\n<meta property=\"og:description\" content=\"Envoyez-nous vos questions Veuillez activer JavaScript dans votre navigateur pour remplir ce formulaire.Veuillez activer JavaScript dans votre navigateur pour remplir ce formulaire.Nom *E-mail *Commentaire ou message *Accord RGPD * Je consens \u00e0 ce que ce site stocke mes informations envoy\u00e9es afin qu\u2019ils puissent r\u00e9pondre \u00e0 ma requ\u00eate. Envoyer Pr\u00e9sident JUDDU BelgiqueEtienne MarotDr\u00e8ve de L&rsquo;Arc-en-Ciel, 23B-6700 [&hellip;]\" \/>\n<meta property=\"og:url\" content=\"https:\/\/www.juddu.org\/en\/contact\/\" \/>\n<meta property=\"og:site_name\" content=\"JUDDU\" \/>\n<meta property=\"article:modified_time\" content=\"2025-11-10T18:03:06+00:00\" \/>\n<meta property=\"og:image\" content=\"https:\/\/www.juddu.org\/wp-content\/plugins\/wpforms-lite\/assets\/images\/submit-spin.svg\" \/>\n<meta name=\"twitter:card\" content=\"summary_large_image\" \/>\n<meta name=\"twitter:label1\" content=\"Estimated reading time\" \/>\n\t<meta name=\"twitter:data1\" content=\"1 minute\" \/>\n<script type=\"application\/ld+json\" class=\"yoast-schema-graph\">{\"@context\":\"https:\/\/schema.org\",\"@graph\":[{\"@type\":\"WebPage\",\"@id\":\"https:\/\/www.juddu.org\/contact\/\",\"url\":\"https:\/\/www.juddu.org\/contact\/\",\"name\":\"Contact - JUDDU\",\"isPartOf\":{\"@id\":\"https:\/\/www.juddu.org\/#website\"},\"primaryImageOfPage\":{\"@id\":\"https:\/\/www.juddu.org\/contact\/#primaryimage\"},\"image\":{\"@id\":\"https:\/\/www.juddu.org\/contact\/#primaryimage\"},\"thumbnailUrl\":\"https:\/\/www.juddu.org\/wp-content\/plugins\/wpforms-lite\/assets\/images\/submit-spin.svg\",\"datePublished\":\"2024-07-04T13:14:08+00:00\",\"dateModified\":\"2025-11-10T18:03:06+00:00\",\"breadcrumb\":{\"@id\":\"https:\/\/www.juddu.org\/contact\/#breadcrumb\"},\"inLanguage\":\"en-GB\",\"potentialAction\":[{\"@type\":\"ReadAction\",\"target\":[\"https:\/\/www.juddu.org\/contact\/\"]}]},{\"@type\":\"ImageObject\",\"inLanguage\":\"en-GB\",\"@id\":\"https:\/\/www.juddu.org\/contact\/#primaryimage\",\"url\":\"https:\/\/www.juddu.org\/wp-content\/plugins\/wpforms-lite\/assets\/images\/submit-spin.svg\",\"contentUrl\":\"https:\/\/www.juddu.org\/wp-content\/plugins\/wpforms-lite\/assets\/images\/submit-spin.svg\"},{\"@type\":\"BreadcrumbList\",\"@id\":\"https:\/\/www.juddu.org\/contact\/#breadcrumb\",\"itemListElement\":[{\"@type\":\"ListItem\",\"position\":1,\"name\":\"Accueil\",\"item\":\"https:\/\/www.juddu.org\/\"},{\"@type\":\"ListItem\",\"position\":2,\"name\":\"Contact\"}]},{\"@type\":\"WebSite\",\"@id\":\"https:\/\/www.juddu.org\/#website\",\"url\":\"https:\/\/www.juddu.org\/\",\"name\":\"JUDDU\",\"description\":\"\",\"publisher\":{\"@id\":\"https:\/\/www.juddu.org\/#organization\"},\"potentialAction\":[{\"@type\":\"SearchAction\",\"target\":{\"@type\":\"EntryPoint\",\"urlTemplate\":\"https:\/\/www.juddu.org\/?s={search_term_string}\"},\"query-input\":{\"@type\":\"PropertyValueSpecification\",\"valueRequired\":true,\"valueName\":\"search_term_string\"}}],\"inLanguage\":\"en-GB\"},{\"@type\":\"Organization\",\"@id\":\"https:\/\/www.juddu.org\/#organization\",\"name\":\"JUDDU\",\"url\":\"https:\/\/www.juddu.org\/\",\"logo\":{\"@type\":\"ImageObject\",\"inLanguage\":\"en-GB\",\"@id\":\"https:\/\/www.juddu.org\/#\/schema\/logo\/image\/\",\"url\":\"https:\/\/www.juddu.org\/wp-content\/uploads\/2024\/06\/juddu-logo.jpg\",\"contentUrl\":\"https:\/\/www.juddu.org\/wp-content\/uploads\/2024\/06\/juddu-logo.jpg\",\"width\":227,\"height\":426,\"caption\":\"JUDDU\"},\"image\":{\"@id\":\"https:\/\/www.juddu.org\/#\/schema\/logo\/image\/\"}}]}<\/script>\n<!-- \/ Yoast SEO plugin. -->","yoast_head_json":{"title":"Contact - JUDDU","robots":{"index":"index","follow":"follow","max-snippet":"max-snippet:-1","max-image-preview":"max-image-preview:large","max-video-preview":"max-video-preview:-1"},"canonical":"https:\/\/www.juddu.org\/en\/contact\/","og_locale":"en_GB","og_type":"article","og_title":"Contact - JUDDU","og_description":"Envoyez-nous vos questions Veuillez activer JavaScript dans votre navigateur pour remplir ce formulaire.Veuillez activer JavaScript dans votre navigateur pour remplir ce formulaire.Nom *E-mail *Commentaire ou message *Accord RGPD * Je consens \u00e0 ce que ce site stocke mes informations envoy\u00e9es afin qu\u2019ils puissent r\u00e9pondre \u00e0 ma requ\u00eate. Envoyer Pr\u00e9sident JUDDU BelgiqueEtienne MarotDr\u00e8ve de L&rsquo;Arc-en-Ciel, 23B-6700 [&hellip;]","og_url":"https:\/\/www.juddu.org\/en\/contact\/","og_site_name":"JUDDU","article_modified_time":"2025-11-10T18:03:06+00:00","og_image":[{"url":"https:\/\/www.juddu.org\/wp-content\/plugins\/wpforms-lite\/assets\/images\/submit-spin.svg","type":"","width":"","height":""}],"twitter_card":"summary_large_image","twitter_misc":{"Estimated reading time":"1 minute"},"schema":{"@context":"https:\/\/schema.org","@graph":[{"@type":"WebPage","@id":"https:\/\/www.juddu.org\/contact\/","url":"https:\/\/www.juddu.org\/contact\/","name":"Contact - JUDDU","isPartOf":{"@id":"https:\/\/www.juddu.org\/#website"},"primaryImageOfPage":{"@id":"https:\/\/www.juddu.org\/contact\/#primaryimage"},"image":{"@id":"https:\/\/www.juddu.org\/contact\/#primaryimage"},"thumbnailUrl":"https:\/\/www.juddu.org\/wp-content\/plugins\/wpforms-lite\/assets\/images\/submit-spin.svg","datePublished":"2024-07-04T13:14:08+00:00","dateModified":"2025-11-10T18:03:06+00:00","breadcrumb":{"@id":"https:\/\/www.juddu.org\/contact\/#breadcrumb"},"inLanguage":"en-GB","potentialAction":[{"@type":"ReadAction","target":["https:\/\/www.juddu.org\/contact\/"]}]},{"@type":"ImageObject","inLanguage":"en-GB","@id":"https:\/\/www.juddu.org\/contact\/#primaryimage","url":"https:\/\/www.juddu.org\/wp-content\/plugins\/wpforms-lite\/assets\/images\/submit-spin.svg","contentUrl":"https:\/\/www.juddu.org\/wp-content\/plugins\/wpforms-lite\/assets\/images\/submit-spin.svg"},{"@type":"BreadcrumbList","@id":"https:\/\/www.juddu.org\/contact\/#breadcrumb","itemListElement":[{"@type":"ListItem","position":1,"name":"Accueil","item":"https:\/\/www.juddu.org\/"},{"@type":"ListItem","position":2,"name":"Contact"}]},{"@type":"WebSite","@id":"https:\/\/www.juddu.org\/#website","url":"https:\/\/www.juddu.org\/","name":"JUDDU","description":"","publisher":{"@id":"https:\/\/www.juddu.org\/#organization"},"potentialAction":[{"@type":"SearchAction","target":{"@type":"EntryPoint","urlTemplate":"https:\/\/www.juddu.org\/?s={search_term_string}"},"query-input":{"@type":"PropertyValueSpecification","valueRequired":true,"valueName":"search_term_string"}}],"inLanguage":"en-GB"},{"@type":"Organization","@id":"https:\/\/www.juddu.org\/#organization","name":"JUDDU","url":"https:\/\/www.juddu.org\/","logo":{"@type":"ImageObject","inLanguage":"en-GB","@id":"https:\/\/www.juddu.org\/#\/schema\/logo\/image\/","url":"https:\/\/www.juddu.org\/wp-content\/uploads\/2024\/06\/juddu-logo.jpg","contentUrl":"https:\/\/www.juddu.org\/wp-content\/uploads\/2024\/06\/juddu-logo.jpg","width":227,"height":426,"caption":"JUDDU"},"image":{"@id":"https:\/\/www.juddu.org\/#\/schema\/logo\/image\/"}}]}},"_links":{"self":[{"href":"https:\/\/www.juddu.org\/en\/wp-json\/wp\/v2\/pages\/626","targetHints":{"allow":["GET"]}}],"collection":[{"href":"https:\/\/www.juddu.org\/en\/wp-json\/wp\/v2\/pages"}],"about":[{"href":"https:\/\/www.juddu.org\/en\/wp-json\/wp\/v2\/types\/page"}],"author":[{"embeddable":true,"href":"https:\/\/www.juddu.org\/en\/wp-json\/wp\/v2\/users\/1"}],"replies":[{"embeddable":true,"href":"https:\/\/www.juddu.org\/en\/wp-json\/wp\/v2\/comments?post=626"}],"version-history":[{"count":159,"href":"https:\/\/www.juddu.org\/en\/wp-json\/wp\/v2\/pages\/626\/revisions"}],"predecessor-version":[{"id":2587,"href":"https:\/\/www.juddu.org\/en\/wp-json\/wp\/v2\/pages\/626\/revisions\/2587"}],"wp:attachment":[{"href":"https:\/\/www.juddu.org\/en\/wp-json\/wp\/v2\/media?parent=626"}],"curies":[{"name":"wp","href":"https:\/\/api.w.org\/{rel}","templated":true}]}}