{"id":2310,"date":"2025-10-21T13:37:31","date_gmt":"2025-10-21T11:37:31","guid":{"rendered":"https:\/\/new.juddu.org\/dev\/?page_id=2288"},"modified":"2025-10-23T11:17:13","modified_gmt":"2025-10-23T09:17:13","slug":"politique-de-confidentialite","status":"publish","type":"page","link":"https:\/\/www.juddu.org\/en\/politique-de-confidentialite\/","title":{"rendered":"Politique de confidentialit\u00e9"},"content":{"rendered":"<div data-elementor-type=\"wp-page\" data-elementor-id=\"2310\" class=\"elementor elementor-2310\">\n\t\t\t\t<div class=\"elementor-element elementor-element-5e87dfa e-grid e-con-boxed e-con e-parent\" data-id=\"5e87dfa\" data-element_type=\"container\">\n\t\t\t\t\t<div class=\"e-con-inner\">\n\t\t<div class=\"elementor-element elementor-element-94613d9 e-con-full e-flex e-con e-child\" data-id=\"94613d9\" data-element_type=\"container\">\n\t\t\t\t<div class=\"elementor-element elementor-element-66a04b9 elementor-widget__width-initial elementor-widget elementor-widget-text-editor\" data-id=\"66a04b9\" data-element_type=\"widget\" data-widget_type=\"text-editor.default\">\n\t\t\t\t\t\t\t\t\t<h4>Politique de confidentialit\u00e9 de www.juddu.org<\/h4><p>Derni\u00e8re mise \u00e0 jour : 23 octobre 2025<br \/>Nous sommes JUDDU a.s.b.l. La pr\u00e9sente politique de confidentialit\u00e9 d\u00e9crit la fa\u00e7on dont nous recueillons, utilisons et prot\u00e9geons vos informations personnelles lorsque vous utilisez nos services.\u00a0<\/p><p>Vous pouvez nous contacter \u00e0 l\u2019adresse suivante : <a href=\"mailto:juddu@juddu.org\">juddu@juddu.org<\/a><\/p>\t\t\t\t\t\t\t\t<\/div>\n\t\t\t\t<div class=\"elementor-element elementor-element-c0b3317 elementor-widget__width-initial elementor-widget elementor-widget-text-editor\" data-id=\"c0b3317\" data-element_type=\"widget\" data-widget_type=\"text-editor.default\">\n\t\t\t\t\t\t\t\t\t<h4><span lang=\"FR\">Table des mati\u00e8res<\/span><\/h4><ul><li>Introduction<\/li><li>Coordonn\u00e9es<\/li><li>Types de donn\u00e9es collect\u00e9es<\/li><li>Mode et lieu de traitement des donn\u00e9es personnelles<\/li><li>Informations d\u00e9taill\u00e9es sur le traitement des donn\u00e9es personnelles<\/li><li>Informations compl\u00e9mentaires<\/li><li>Vos droits d\u00e9coulant du r\u00e8glement g\u00e9n\u00e9ral sur la protection des donn\u00e9es (RGPD)<\/li><\/ul><p>\u00a0<\/p>\t\t\t\t\t\t\t\t<\/div>\n\t\t\t\t<div class=\"elementor-element elementor-element-ac507f4 elementor-widget__width-initial elementor-widget elementor-widget-text-editor\" data-id=\"ac507f4\" data-element_type=\"widget\" data-widget_type=\"text-editor.default\">\n\t\t\t\t\t\t\t\t\t<h2><span lang=\"FR\">Introduction<\/span><\/h2><ul><li><strong>Quel est l\u2019objet de la pr\u00e9sente politique\u00a0?<\/strong><br \/>Le pr\u00e9sent document explique comment ce site collecte, utilise et prot\u00e8ge vos donn\u00e9es personnelles afin d\u2019accomplir les finalit\u00e9s mentionn\u00e9es dans ce document.<br \/><br \/><strong>Qu&rsquo;entend-on par donn\u00e9es personnelles\u00a0?<\/strong><br \/>L\u2019expression \u00ab\u00a0donn\u00e9es personnelles\u00a0\u00bb d\u00e9signe des informations qui peuvent \u00eatre utilis\u00e9es pour vous identifier directement ou indirectement. Il s\u2019agit notamment d\u2019informations telles que le pr\u00e9nom, le nom de famille, l\u2019adresse \u00e9lectronique, les technologies de tra\u00e7age (telles que les cookies ou pixels invisibles), l\u2019activit\u00e9 de l\u2019utilisateur et les informations relatives \u00e0 l\u2019appareil. Vous trouverez des informations d\u00e9taill\u00e9es sur chacun des types de donn\u00e9es personnelles collect\u00e9es dans les sections de la pr\u00e9sente politique de confidentialit\u00e9 qui leur sont consacr\u00e9es ou dans un texte affich\u00e9 avant que les donn\u00e9es ne soient collect\u00e9es.<\/li><\/ul>\t\t\t\t\t\t\t\t<\/div>\n\t\t\t\t<\/div>\n\t\t\t\t\t<\/div>\n\t\t\t\t<\/div>\n\t\t\t\t<\/div>","protected":false},"excerpt":{"rendered":"<p>Politique de confidentialit\u00e9 de www.juddu.org Derni\u00e8re mise \u00e0 jour : 23 octobre 2025Nous sommes JUDDU a.s.b.l. La pr\u00e9sente politique de confidentialit\u00e9 d\u00e9crit la fa\u00e7on dont nous recueillons, utilisons et prot\u00e9geons vos informations personnelles lorsque vous utilisez nos services.\u00a0 Vous pouvez nous contacter \u00e0 l\u2019adresse suivante : juddu@juddu.org Table des mati\u00e8res Introduction Coordonn\u00e9es Types de donn\u00e9es [&hellip;]<\/p>","protected":false},"author":1,"featured_media":0,"parent":0,"menu_order":0,"comment_status":"closed","ping_status":"closed","template":"","meta":{"footnotes":""},"class_list":["post-2310","page","type-page","status-publish","hentry"],"blocksy_meta":{"has_hero_section":"disabled","styles_descriptor":{"styles":{"desktop":"","tablet":"","mobile":""},"google_fonts":[],"version":6}},"yoast_head":"<!-- This site is optimized with the Yoast SEO plugin v26.7 - https:\/\/yoast.com\/wordpress\/plugins\/seo\/ -->\n<title>Politique de confidentialit\u00e9 - JUDDU<\/title>\n<meta name=\"robots\" content=\"index, follow, max-snippet:-1, max-image-preview:large, max-video-preview:-1\" \/>\n<link rel=\"canonical\" href=\"https:\/\/www.juddu.org\/en\/politique-de-confidentialite\/\" \/>\n<meta property=\"og:locale\" content=\"en_GB\" \/>\n<meta property=\"og:type\" content=\"article\" \/>\n<meta property=\"og:title\" content=\"Politique de confidentialit\u00e9 - JUDDU\" \/>\n<meta property=\"og:description\" content=\"Politique de confidentialit\u00e9 de www.juddu.org Derni\u00e8re mise \u00e0 jour : 23 octobre 2025Nous sommes JUDDU a.s.b.l. La pr\u00e9sente politique de confidentialit\u00e9 d\u00e9crit la fa\u00e7on dont nous recueillons, utilisons et prot\u00e9geons vos informations personnelles lorsque vous utilisez nos services.\u00a0 Vous pouvez nous contacter \u00e0 l\u2019adresse suivante : juddu@juddu.org Table des mati\u00e8res Introduction Coordonn\u00e9es Types de donn\u00e9es [&hellip;]\" \/>\n<meta property=\"og:url\" content=\"https:\/\/www.juddu.org\/en\/politique-de-confidentialite\/\" \/>\n<meta property=\"og:site_name\" content=\"JUDDU\" \/>\n<meta property=\"article:modified_time\" content=\"2025-10-23T09:17:13+00:00\" \/>\n<meta name=\"twitter:card\" content=\"summary_large_image\" \/>\n<meta name=\"twitter:label1\" content=\"Estimated reading time\" \/>\n\t<meta name=\"twitter:data1\" content=\"1 minute\" \/>\n<script type=\"application\/ld+json\" class=\"yoast-schema-graph\">{\"@context\":\"https:\/\/schema.org\",\"@graph\":[{\"@type\":\"WebPage\",\"@id\":\"https:\/\/www.juddu.org\/politique-de-confidentialite\/\",\"url\":\"https:\/\/www.juddu.org\/politique-de-confidentialite\/\",\"name\":\"Politique de confidentialit\u00e9 - JUDDU\",\"isPartOf\":{\"@id\":\"https:\/\/www.juddu.org\/#website\"},\"datePublished\":\"2025-10-21T11:37:31+00:00\",\"dateModified\":\"2025-10-23T09:17:13+00:00\",\"breadcrumb\":{\"@id\":\"https:\/\/www.juddu.org\/politique-de-confidentialite\/#breadcrumb\"},\"inLanguage\":\"en-GB\",\"potentialAction\":[{\"@type\":\"ReadAction\",\"target\":[\"https:\/\/www.juddu.org\/politique-de-confidentialite\/\"]}]},{\"@type\":\"BreadcrumbList\",\"@id\":\"https:\/\/www.juddu.org\/politique-de-confidentialite\/#breadcrumb\",\"itemListElement\":[{\"@type\":\"ListItem\",\"position\":1,\"name\":\"Accueil\",\"item\":\"https:\/\/www.juddu.org\/\"},{\"@type\":\"ListItem\",\"position\":2,\"name\":\"Politique de confidentialit\u00e9\"}]},{\"@type\":\"WebSite\",\"@id\":\"https:\/\/www.juddu.org\/#website\",\"url\":\"https:\/\/www.juddu.org\/\",\"name\":\"JUDDU\",\"description\":\"\",\"publisher\":{\"@id\":\"https:\/\/www.juddu.org\/#organization\"},\"potentialAction\":[{\"@type\":\"SearchAction\",\"target\":{\"@type\":\"EntryPoint\",\"urlTemplate\":\"https:\/\/www.juddu.org\/?s={search_term_string}\"},\"query-input\":{\"@type\":\"PropertyValueSpecification\",\"valueRequired\":true,\"valueName\":\"search_term_string\"}}],\"inLanguage\":\"en-GB\"},{\"@type\":\"Organization\",\"@id\":\"https:\/\/www.juddu.org\/#organization\",\"name\":\"JUDDU\",\"url\":\"https:\/\/www.juddu.org\/\",\"logo\":{\"@type\":\"ImageObject\",\"inLanguage\":\"en-GB\",\"@id\":\"https:\/\/www.juddu.org\/#\/schema\/logo\/image\/\",\"url\":\"https:\/\/www.juddu.org\/wp-content\/uploads\/2024\/06\/juddu-logo.jpg\",\"contentUrl\":\"https:\/\/www.juddu.org\/wp-content\/uploads\/2024\/06\/juddu-logo.jpg\",\"width\":227,\"height\":426,\"caption\":\"JUDDU\"},\"image\":{\"@id\":\"https:\/\/www.juddu.org\/#\/schema\/logo\/image\/\"}}]}<\/script>\n<!-- \/ Yoast SEO plugin. -->","yoast_head_json":{"title":"Politique de confidentialit\u00e9 - JUDDU","robots":{"index":"index","follow":"follow","max-snippet":"max-snippet:-1","max-image-preview":"max-image-preview:large","max-video-preview":"max-video-preview:-1"},"canonical":"https:\/\/www.juddu.org\/en\/politique-de-confidentialite\/","og_locale":"en_GB","og_type":"article","og_title":"Politique de confidentialit\u00e9 - JUDDU","og_description":"Politique de confidentialit\u00e9 de www.juddu.org Derni\u00e8re mise \u00e0 jour : 23 octobre 2025Nous sommes JUDDU a.s.b.l. La pr\u00e9sente politique de confidentialit\u00e9 d\u00e9crit la fa\u00e7on dont nous recueillons, utilisons et prot\u00e9geons vos informations personnelles lorsque vous utilisez nos services.\u00a0 Vous pouvez nous contacter \u00e0 l\u2019adresse suivante : juddu@juddu.org Table des mati\u00e8res Introduction Coordonn\u00e9es Types de donn\u00e9es [&hellip;]","og_url":"https:\/\/www.juddu.org\/en\/politique-de-confidentialite\/","og_site_name":"JUDDU","article_modified_time":"2025-10-23T09:17:13+00:00","twitter_card":"summary_large_image","twitter_misc":{"Estimated reading time":"1 minute"},"schema":{"@context":"https:\/\/schema.org","@graph":[{"@type":"WebPage","@id":"https:\/\/www.juddu.org\/politique-de-confidentialite\/","url":"https:\/\/www.juddu.org\/politique-de-confidentialite\/","name":"Politique de confidentialit\u00e9 - JUDDU","isPartOf":{"@id":"https:\/\/www.juddu.org\/#website"},"datePublished":"2025-10-21T11:37:31+00:00","dateModified":"2025-10-23T09:17:13+00:00","breadcrumb":{"@id":"https:\/\/www.juddu.org\/politique-de-confidentialite\/#breadcrumb"},"inLanguage":"en-GB","potentialAction":[{"@type":"ReadAction","target":["https:\/\/www.juddu.org\/politique-de-confidentialite\/"]}]},{"@type":"BreadcrumbList","@id":"https:\/\/www.juddu.org\/politique-de-confidentialite\/#breadcrumb","itemListElement":[{"@type":"ListItem","position":1,"name":"Accueil","item":"https:\/\/www.juddu.org\/"},{"@type":"ListItem","position":2,"name":"Politique de confidentialit\u00e9"}]},{"@type":"WebSite","@id":"https:\/\/www.juddu.org\/#website","url":"https:\/\/www.juddu.org\/","name":"JUDDU","description":"","publisher":{"@id":"https:\/\/www.juddu.org\/#organization"},"potentialAction":[{"@type":"SearchAction","target":{"@type":"EntryPoint","urlTemplate":"https:\/\/www.juddu.org\/?s={search_term_string}"},"query-input":{"@type":"PropertyValueSpecification","valueRequired":true,"valueName":"search_term_string"}}],"inLanguage":"en-GB"},{"@type":"Organization","@id":"https:\/\/www.juddu.org\/#organization","name":"JUDDU","url":"https:\/\/www.juddu.org\/","logo":{"@type":"ImageObject","inLanguage":"en-GB","@id":"https:\/\/www.juddu.org\/#\/schema\/logo\/image\/","url":"https:\/\/www.juddu.org\/wp-content\/uploads\/2024\/06\/juddu-logo.jpg","contentUrl":"https:\/\/www.juddu.org\/wp-content\/uploads\/2024\/06\/juddu-logo.jpg","width":227,"height":426,"caption":"JUDDU"},"image":{"@id":"https:\/\/www.juddu.org\/#\/schema\/logo\/image\/"}}]}},"_links":{"self":[{"href":"https:\/\/www.juddu.org\/en\/wp-json\/wp\/v2\/pages\/2310","targetHints":{"allow":["GET"]}}],"collection":[{"href":"https:\/\/www.juddu.org\/en\/wp-json\/wp\/v2\/pages"}],"about":[{"href":"https:\/\/www.juddu.org\/en\/wp-json\/wp\/v2\/types\/page"}],"author":[{"embeddable":true,"href":"https:\/\/www.juddu.org\/en\/wp-json\/wp\/v2\/users\/1"}],"replies":[{"embeddable":true,"href":"https:\/\/www.juddu.org\/en\/wp-json\/wp\/v2\/comments?post=2310"}],"version-history":[{"count":3,"href":"https:\/\/www.juddu.org\/en\/wp-json\/wp\/v2\/pages\/2310\/revisions"}],"predecessor-version":[{"id":2354,"href":"https:\/\/www.juddu.org\/en\/wp-json\/wp\/v2\/pages\/2310\/revisions\/2354"}],"wp:attachment":[{"href":"https:\/\/www.juddu.org\/en\/wp-json\/wp\/v2\/media?parent=2310"}],"curies":[{"name":"wp","href":"https:\/\/api.w.org\/{rel}","templated":true}]}}