{"id":22,"date":"2024-06-25T22:45:36","date_gmt":"2024-06-25T20:45:36","guid":{"rendered":"https:\/\/new.juddu.org\/dev\/?page_id=22"},"modified":"2025-11-04T18:02:19","modified_gmt":"2025-11-04T17:02:19","slug":"accueil","status":"publish","type":"page","link":"https:\/\/www.juddu.org\/en\/","title":{"rendered":"Accueil"},"content":{"rendered":"<div data-elementor-type=\"wp-page\" data-elementor-id=\"22\" class=\"elementor elementor-22\">\n\t\t\t\t<div class=\"elementor-element elementor-element-290b256 e-flex e-con-boxed e-con e-parent\" data-id=\"290b256\" data-element_type=\"container\">\n\t\t\t\t\t<div class=\"e-con-inner\">\n\t\t<div class=\"elementor-element elementor-element-6de27ce e-con-full e-flex e-con e-child\" data-id=\"6de27ce\" data-element_type=\"container\">\n\t\t\t\t<div class=\"elementor-element elementor-element-704c628 elementor-widget__width-initial elementor-widget elementor-widget-text-editor\" data-id=\"704c628\" data-element_type=\"widget\" data-widget_type=\"text-editor.default\">\n\t\t\t\t\t\t\t\t\t<h3><strong>Soutien pour la scolarisation d\u2019enfants d\u00e9favoris\u00e9s de la banlieue de Dakar (S\u00e9n\u00e9gal)<\/strong><\/h3>\t\t\t\t\t\t\t\t<\/div>\n\t\t\t\t<div class=\"elementor-element elementor-element-8b90639 elementor-invisible elementor-widget elementor-widget-button\" data-id=\"8b90639\" data-element_type=\"widget\" data-settings=\"{&quot;_animation&quot;:&quot;fadeInDown&quot;}\" data-widget_type=\"button.default\">\n\t\t\t\t\t\t\t\t\t\t<a class=\"elementor-button elementor-button-link elementor-size-sm\" href=\"https:\/\/www.juddu.org\/parrainage\/\">\n\t\t\t\t\t\t<span class=\"elementor-button-content-wrapper\">\n\t\t\t\t\t\t\t\t\t<span class=\"elementor-button-text\">Envie de parrainer un enfant ?<\/span>\n\t\t\t\t\t<\/span>\n\t\t\t\t\t<\/a>\n\t\t\t\t\t\t\t\t<\/div>\n\t\t\t\t<\/div>\n\t\t<div class=\"elementor-element elementor-element-a76a46d e-con-full e-flex e-con e-child\" data-id=\"a76a46d\" data-element_type=\"container\">\n\t\t\t\t<div class=\"elementor-element elementor-element-a5f56c7 elementor-widget__width-initial elementor-widget elementor-widget-image\" data-id=\"a5f56c7\" data-element_type=\"widget\" data-widget_type=\"image.default\">\n\t\t\t\t\t\t\t\t\t\t\t\t\t\t\t<img fetchpriority=\"high\" decoding=\"async\" width=\"821\" height=\"414\" src=\"https:\/\/www.juddu.org\/wp-content\/uploads\/2024\/06\/classe-1.jpg\" class=\"attachment-large size-large wp-image-25\" alt=\"\" srcset=\"https:\/\/www.juddu.org\/wp-content\/uploads\/2024\/06\/classe-1.jpg 821w, https:\/\/www.juddu.org\/wp-content\/uploads\/2024\/06\/classe-1-300x151.jpg 300w, https:\/\/www.juddu.org\/wp-content\/uploads\/2024\/06\/classe-1-768x387.jpg 768w, https:\/\/www.juddu.org\/wp-content\/uploads\/2024\/06\/classe-1-18x9.jpg 18w\" sizes=\"(max-width: 821px) 100vw, 821px\" \/>\t\t\t\t\t\t\t\t\t\t\t\t\t\t\t<\/div>\n\t\t\t\t<\/div>\n\t\t\t\t\t<\/div>\n\t\t\t\t<\/div>\n\t\t<div class=\"elementor-element elementor-element-1ff83e8 e-flex e-con-boxed e-con e-parent\" data-id=\"1ff83e8\" data-element_type=\"container\">\n\t\t\t\t\t<div class=\"e-con-inner\">\n\t\t<div class=\"elementor-element elementor-element-bea249e e-con-full e-flex e-con e-child\" data-id=\"bea249e\" data-element_type=\"container\">\n\t\t<div class=\"elementor-element elementor-element-4c6c861 e-con-full e-flex e-con e-child\" data-id=\"4c6c861\" data-element_type=\"container\">\n\t\t\t\t<div class=\"elementor-element elementor-element-d722180 elementor-widget__width-initial elementor-widget elementor-widget-text-editor\" data-id=\"d722180\" data-element_type=\"widget\" data-widget_type=\"text-editor.default\">\n\t\t\t\t\t\t\t\t\t<p>Juddu signifie \u00ab naissance \u00bb en Wolof, une des langues du S\u00e9n\u00e9gal, naissance d\u2019un lien entre le S\u00e9n\u00e9gal et l&rsquo;Europe, naissance d&rsquo;un lien entre un(e) filleul(le) et son (sa) parrain (marraine).<\/p><p>C\u2019est une Association sans but lucratif, bas\u00e9e en Belgique et au Grand-Duch\u00e9 de Luxembourg, visant \u00e0 assurer \u00e0 des enfants et des jeunes d\u00e9favoris\u00e9s l\u2019encadrement scolaire n\u00e9cessaire pour leur permettre de d\u00e9marrer leur vie sur place dans les meilleures conditions. Ils deviendront ainsi des acteurs importants dans leur famille, dans leur futur travail, dans la soci\u00e9t\u00e9 s\u00e9n\u00e9galaise du 21i\u00e8me si\u00e8cle.<\/p><p>Une centaine d\u2019enfants et de jeunes de Pikine (ville de la banlieue de Dakar) sont ainsi soutenus par JUDDU avec la volont\u00e9 d\u2019assurer, ainsi qu\u2019\u00e0 leur famille, un avenir plus serein.<\/p><p>La source de financement principale repose essentiellement sur le parrainage d\u2019 enfants et de dons au projet. Juddu recherche des personnes ou des groupes d\u00e9sireux de soutenir, en totalit\u00e9, ou en partie, la scolarit\u00e9 des enfants (minerval, fournitures scolaires, repas, frais de d\u00e9placement, salaire de trois animateurs, etc.).<\/p>\t\t\t\t\t\t\t\t<\/div>\n\t\t\t\t<\/div>\n\t\t\t\t<\/div>\n\t\t<div class=\"elementor-element elementor-element-e5781df e-con-full e-flex e-con e-child\" data-id=\"e5781df\" data-element_type=\"container\">\n\t\t\t\t<div class=\"elementor-element elementor-element-1989fde elementor-widget__width-initial elementor-widget elementor-widget-google_maps\" data-id=\"1989fde\" data-element_type=\"widget\" data-widget_type=\"google_maps.default\">\n\t\t\t\t\t\t\t<div class=\"elementor-custom-embed\">\n\t\t\t<iframe loading=\"lazy\"\n\t\t\t\t\tsrc=\"https:\/\/maps.google.com\/maps?q=S%C3%A9n%C3%A9gal%2C%20Pikine&#038;t=m&#038;z=11&#038;output=embed&#038;iwloc=near\"\n\t\t\t\t\ttitle=\"S\u00e9n\u00e9gal, Pikine\"\n\t\t\t\t\taria-label=\"S\u00e9n\u00e9gal, Pikine\"\n\t\t\t><\/iframe>\n\t\t<\/div>\n\t\t\t\t\t\t<\/div>\n\t\t\t\t<\/div>\n\t\t\t\t\t<\/div>\n\t\t\t\t<\/div>\n\t\t\t\t<\/div>","protected":false},"excerpt":{"rendered":"<p>Soutien pour la scolarisation d\u2019enfants d\u00e9favoris\u00e9s de la banlieue de Dakar (S\u00e9n\u00e9gal) Envie de parrainer un enfant ? Juddu signifie \u00ab naissance \u00bb en Wolof, une des langues du S\u00e9n\u00e9gal, naissance d\u2019un lien entre le S\u00e9n\u00e9gal et l&rsquo;Europe, naissance d&rsquo;un lien entre un(e) filleul(le) et son (sa) parrain (marraine). C\u2019est une Association sans but lucratif, [&hellip;]<\/p>","protected":false},"author":1,"featured_media":0,"parent":0,"menu_order":0,"comment_status":"closed","ping_status":"closed","template":"","meta":{"footnotes":""},"class_list":["post-22","page","type-page","status-publish","hentry"],"blocksy_meta":{"has_hero_section":"disabled","styles_descriptor":{"styles":{"desktop":"","tablet":"","mobile":""},"google_fonts":[],"version":6},"disable_header":"no"},"yoast_head":"<!-- This site is optimized with the Yoast SEO plugin v26.7 - https:\/\/yoast.com\/wordpress\/plugins\/seo\/ -->\n<title>Accueil - JUDDU<\/title>\n<meta name=\"robots\" content=\"index, follow, max-snippet:-1, max-image-preview:large, max-video-preview:-1\" \/>\n<link rel=\"canonical\" href=\"https:\/\/www.juddu.org\/en\/\" \/>\n<meta property=\"og:locale\" content=\"en_GB\" \/>\n<meta property=\"og:type\" content=\"article\" \/>\n<meta property=\"og:title\" content=\"Accueil - JUDDU\" \/>\n<meta property=\"og:description\" content=\"Soutien pour la scolarisation d\u2019enfants d\u00e9favoris\u00e9s de la banlieue de Dakar (S\u00e9n\u00e9gal) Envie de parrainer un enfant ? Juddu signifie \u00ab naissance \u00bb en Wolof, une des langues du S\u00e9n\u00e9gal, naissance d\u2019un lien entre le S\u00e9n\u00e9gal et l&rsquo;Europe, naissance d&rsquo;un lien entre un(e) filleul(le) et son (sa) parrain (marraine). C\u2019est une Association sans but lucratif, [&hellip;]\" \/>\n<meta property=\"og:url\" content=\"https:\/\/www.juddu.org\/en\/\" \/>\n<meta property=\"og:site_name\" content=\"JUDDU\" \/>\n<meta property=\"article:modified_time\" content=\"2025-11-04T17:02:19+00:00\" \/>\n<meta property=\"og:image\" content=\"https:\/\/www.juddu.org\/wp-content\/uploads\/2024\/06\/classe-1.jpg\" \/>\n\t<meta property=\"og:image:width\" content=\"821\" \/>\n\t<meta property=\"og:image:height\" content=\"414\" \/>\n\t<meta property=\"og:image:type\" content=\"image\/jpeg\" \/>\n<meta name=\"twitter:card\" content=\"summary_large_image\" \/>\n<meta name=\"twitter:label1\" content=\"Estimated reading time\" \/>\n\t<meta name=\"twitter:data1\" content=\"1 minute\" \/>\n<script type=\"application\/ld+json\" class=\"yoast-schema-graph\">{\"@context\":\"https:\/\/schema.org\",\"@graph\":[{\"@type\":\"WebPage\",\"@id\":\"https:\/\/www.juddu.org\/\",\"url\":\"https:\/\/www.juddu.org\/\",\"name\":\"Accueil - JUDDU\",\"isPartOf\":{\"@id\":\"https:\/\/www.juddu.org\/#website\"},\"primaryImageOfPage\":{\"@id\":\"https:\/\/www.juddu.org\/#primaryimage\"},\"image\":{\"@id\":\"https:\/\/www.juddu.org\/#primaryimage\"},\"thumbnailUrl\":\"https:\/\/www.juddu.org\/wp-content\/uploads\/2024\/06\/classe-1.jpg\",\"datePublished\":\"2024-06-25T20:45:36+00:00\",\"dateModified\":\"2025-11-04T17:02:19+00:00\",\"breadcrumb\":{\"@id\":\"https:\/\/www.juddu.org\/#breadcrumb\"},\"inLanguage\":\"en-GB\",\"potentialAction\":[{\"@type\":\"ReadAction\",\"target\":[\"https:\/\/www.juddu.org\/\"]}]},{\"@type\":\"ImageObject\",\"inLanguage\":\"en-GB\",\"@id\":\"https:\/\/www.juddu.org\/#primaryimage\",\"url\":\"https:\/\/www.juddu.org\/wp-content\/uploads\/2024\/06\/classe-1.jpg\",\"contentUrl\":\"https:\/\/www.juddu.org\/wp-content\/uploads\/2024\/06\/classe-1.jpg\"},{\"@type\":\"BreadcrumbList\",\"@id\":\"https:\/\/www.juddu.org\/#breadcrumb\",\"itemListElement\":[{\"@type\":\"ListItem\",\"position\":1,\"name\":\"Accueil\",\"item\":\"https:\/\/www.juddu.org\/\"},{\"@type\":\"ListItem\",\"position\":2,\"name\":\"Accueil\"}]},{\"@type\":\"WebSite\",\"@id\":\"https:\/\/www.juddu.org\/#website\",\"url\":\"https:\/\/www.juddu.org\/\",\"name\":\"JUDDU\",\"description\":\"\",\"publisher\":{\"@id\":\"https:\/\/www.juddu.org\/#organization\"},\"potentialAction\":[{\"@type\":\"SearchAction\",\"target\":{\"@type\":\"EntryPoint\",\"urlTemplate\":\"https:\/\/www.juddu.org\/?s={search_term_string}\"},\"query-input\":{\"@type\":\"PropertyValueSpecification\",\"valueRequired\":true,\"valueName\":\"search_term_string\"}}],\"inLanguage\":\"en-GB\"},{\"@type\":\"Organization\",\"@id\":\"https:\/\/www.juddu.org\/#organization\",\"name\":\"JUDDU\",\"url\":\"https:\/\/www.juddu.org\/\",\"logo\":{\"@type\":\"ImageObject\",\"inLanguage\":\"en-GB\",\"@id\":\"https:\/\/www.juddu.org\/#\/schema\/logo\/image\/\",\"url\":\"https:\/\/www.juddu.org\/wp-content\/uploads\/2024\/06\/juddu-logo.jpg\",\"contentUrl\":\"https:\/\/www.juddu.org\/wp-content\/uploads\/2024\/06\/juddu-logo.jpg\",\"width\":227,\"height\":426,\"caption\":\"JUDDU\"},\"image\":{\"@id\":\"https:\/\/www.juddu.org\/#\/schema\/logo\/image\/\"}}]}<\/script>\n<!-- \/ Yoast SEO plugin. -->","yoast_head_json":{"title":"Accueil - JUDDU","robots":{"index":"index","follow":"follow","max-snippet":"max-snippet:-1","max-image-preview":"max-image-preview:large","max-video-preview":"max-video-preview:-1"},"canonical":"https:\/\/www.juddu.org\/en\/","og_locale":"en_GB","og_type":"article","og_title":"Accueil - JUDDU","og_description":"Soutien pour la scolarisation d\u2019enfants d\u00e9favoris\u00e9s de la banlieue de Dakar (S\u00e9n\u00e9gal) Envie de parrainer un enfant ? Juddu signifie \u00ab naissance \u00bb en Wolof, une des langues du S\u00e9n\u00e9gal, naissance d\u2019un lien entre le S\u00e9n\u00e9gal et l&rsquo;Europe, naissance d&rsquo;un lien entre un(e) filleul(le) et son (sa) parrain (marraine). C\u2019est une Association sans but lucratif, [&hellip;]","og_url":"https:\/\/www.juddu.org\/en\/","og_site_name":"JUDDU","article_modified_time":"2025-11-04T17:02:19+00:00","og_image":[{"width":821,"height":414,"url":"https:\/\/www.juddu.org\/wp-content\/uploads\/2024\/06\/classe-1.jpg","type":"image\/jpeg"}],"twitter_card":"summary_large_image","twitter_misc":{"Estimated reading time":"1 minute"},"schema":{"@context":"https:\/\/schema.org","@graph":[{"@type":"WebPage","@id":"https:\/\/www.juddu.org\/","url":"https:\/\/www.juddu.org\/","name":"Accueil - JUDDU","isPartOf":{"@id":"https:\/\/www.juddu.org\/#website"},"primaryImageOfPage":{"@id":"https:\/\/www.juddu.org\/#primaryimage"},"image":{"@id":"https:\/\/www.juddu.org\/#primaryimage"},"thumbnailUrl":"https:\/\/www.juddu.org\/wp-content\/uploads\/2024\/06\/classe-1.jpg","datePublished":"2024-06-25T20:45:36+00:00","dateModified":"2025-11-04T17:02:19+00:00","breadcrumb":{"@id":"https:\/\/www.juddu.org\/#breadcrumb"},"inLanguage":"en-GB","potentialAction":[{"@type":"ReadAction","target":["https:\/\/www.juddu.org\/"]}]},{"@type":"ImageObject","inLanguage":"en-GB","@id":"https:\/\/www.juddu.org\/#primaryimage","url":"https:\/\/www.juddu.org\/wp-content\/uploads\/2024\/06\/classe-1.jpg","contentUrl":"https:\/\/www.juddu.org\/wp-content\/uploads\/2024\/06\/classe-1.jpg"},{"@type":"BreadcrumbList","@id":"https:\/\/www.juddu.org\/#breadcrumb","itemListElement":[{"@type":"ListItem","position":1,"name":"Accueil","item":"https:\/\/www.juddu.org\/"},{"@type":"ListItem","position":2,"name":"Accueil"}]},{"@type":"WebSite","@id":"https:\/\/www.juddu.org\/#website","url":"https:\/\/www.juddu.org\/","name":"JUDDU","description":"","publisher":{"@id":"https:\/\/www.juddu.org\/#organization"},"potentialAction":[{"@type":"SearchAction","target":{"@type":"EntryPoint","urlTemplate":"https:\/\/www.juddu.org\/?s={search_term_string}"},"query-input":{"@type":"PropertyValueSpecification","valueRequired":true,"valueName":"search_term_string"}}],"inLanguage":"en-GB"},{"@type":"Organization","@id":"https:\/\/www.juddu.org\/#organization","name":"JUDDU","url":"https:\/\/www.juddu.org\/","logo":{"@type":"ImageObject","inLanguage":"en-GB","@id":"https:\/\/www.juddu.org\/#\/schema\/logo\/image\/","url":"https:\/\/www.juddu.org\/wp-content\/uploads\/2024\/06\/juddu-logo.jpg","contentUrl":"https:\/\/www.juddu.org\/wp-content\/uploads\/2024\/06\/juddu-logo.jpg","width":227,"height":426,"caption":"JUDDU"},"image":{"@id":"https:\/\/www.juddu.org\/#\/schema\/logo\/image\/"}}]}},"_links":{"self":[{"href":"https:\/\/www.juddu.org\/en\/wp-json\/wp\/v2\/pages\/22","targetHints":{"allow":["GET"]}}],"collection":[{"href":"https:\/\/www.juddu.org\/en\/wp-json\/wp\/v2\/pages"}],"about":[{"href":"https:\/\/www.juddu.org\/en\/wp-json\/wp\/v2\/types\/page"}],"author":[{"embeddable":true,"href":"https:\/\/www.juddu.org\/en\/wp-json\/wp\/v2\/users\/1"}],"replies":[{"embeddable":true,"href":"https:\/\/www.juddu.org\/en\/wp-json\/wp\/v2\/comments?post=22"}],"version-history":[{"count":16,"href":"https:\/\/www.juddu.org\/en\/wp-json\/wp\/v2\/pages\/22\/revisions"}],"predecessor-version":[{"id":2478,"href":"https:\/\/www.juddu.org\/en\/wp-json\/wp\/v2\/pages\/22\/revisions\/2478"}],"wp:attachment":[{"href":"https:\/\/www.juddu.org\/en\/wp-json\/wp\/v2\/media?parent=22"}],"curies":[{"name":"wp","href":"https:\/\/api.w.org\/{rel}","templated":true}]}}