{"id":167,"date":"2024-06-26T11:57:05","date_gmt":"2024-06-26T09:57:05","guid":{"rendered":"https:\/\/new.juddu.org\/dev\/?page_id=167"},"modified":"2025-11-10T18:38:02","modified_gmt":"2025-11-10T17:38:02","slug":"parrainage","status":"publish","type":"page","link":"https:\/\/www.juddu.org\/en\/parrainage\/","title":{"rendered":"Parrainage"},"content":{"rendered":"<div data-elementor-type=\"wp-page\" data-elementor-id=\"167\" class=\"elementor elementor-167\">\n\t\t\t\t<div class=\"elementor-element elementor-element-0261e2b e-flex e-con-boxed e-con e-parent\" data-id=\"0261e2b\" data-element_type=\"container\">\n\t\t\t\t\t<div class=\"e-con-inner\">\n\t\t<div class=\"elementor-element elementor-element-2914d13 e-con-full e-flex e-con e-child\" data-id=\"2914d13\" data-element_type=\"container\">\n\t\t\t\t<div class=\"elementor-element elementor-element-53bcd70 elementor-widget elementor-widget-text-editor\" data-id=\"53bcd70\" data-element_type=\"widget\" data-widget_type=\"text-editor.default\">\n\t\t\t\t\t\t\t\t\t<h3 style=\"text-align: center;\">Envie de parrainer<br \/>un enfant du S\u00e9n\u00e9gal ?<\/h3><h5 style=\"text-align: center;\">\u00ab JUDDU s\u00e9lectionne les enfants <br \/>issus de famille en grande difficult\u00e9<br \/>ou orphelins (de p\u00e8re ou de m\u00e8re ?) \u00bb<\/h5>\t\t\t\t\t\t\t\t<\/div>\n\t\t\t\t<div class=\"elementor-element elementor-element-bf86e16 elementor-invisible elementor-widget elementor-widget-button\" data-id=\"bf86e16\" data-element_type=\"widget\" data-settings=\"{&quot;_animation&quot;:&quot;fadeInDown&quot;}\" data-widget_type=\"button.default\">\n\t\t\t\t\t\t\t\t\t\t<a class=\"elementor-button elementor-button-link elementor-size-sm\" href=\"https:\/\/www.juddu.org\/wp-content\/uploads\/2025\/09\/JUDDU-Formulaire_parrainage_Bel_05-2025.doc\">\n\t\t\t\t\t\t<span class=\"elementor-button-content-wrapper\">\n\t\t\t\t\t\t\t\t\t<span class=\"elementor-button-text\">T\u00e9l\u00e9charger le formulaire de parrainage<\/span>\n\t\t\t\t\t<\/span>\n\t\t\t\t\t<\/a>\n\t\t\t\t\t\t\t\t<\/div>\n\t\t\t\t<\/div>\n\t\t<div class=\"elementor-element elementor-element-81d5cfa e-con-full e-flex e-con e-child\" data-id=\"81d5cfa\" data-element_type=\"container\">\n\t\t\t\t<div class=\"elementor-element elementor-element-7c16b8d elementor-widget__width-initial elementor-widget elementor-widget-image\" data-id=\"7c16b8d\" data-element_type=\"widget\" data-widget_type=\"image.default\">\n\t\t\t\t\t\t\t\t\t\t\t\t\t\t\t<img fetchpriority=\"high\" decoding=\"async\" width=\"1024\" height=\"682\" src=\"https:\/\/www.juddu.org\/wp-content\/uploads\/2024\/06\/Parrainage-1-1024x682.jpg\" class=\"attachment-large size-large wp-image-177\" alt=\"\" srcset=\"https:\/\/www.juddu.org\/wp-content\/uploads\/2024\/06\/Parrainage-1-1024x682.jpg 1024w, https:\/\/www.juddu.org\/wp-content\/uploads\/2024\/06\/Parrainage-1-300x200.jpg 300w, https:\/\/www.juddu.org\/wp-content\/uploads\/2024\/06\/Parrainage-1-768x512.jpg 768w, https:\/\/www.juddu.org\/wp-content\/uploads\/2024\/06\/Parrainage-1-1536x1024.jpg 1536w, https:\/\/www.juddu.org\/wp-content\/uploads\/2024\/06\/Parrainage-1-2048x1365.jpg 2048w, https:\/\/www.juddu.org\/wp-content\/uploads\/2024\/06\/Parrainage-1-18x12.jpg 18w\" sizes=\"(max-width: 1024px) 100vw, 1024px\" \/>\t\t\t\t\t\t\t\t\t\t\t\t\t\t\t<\/div>\n\t\t\t\t<\/div>\n\t\t\t\t\t<\/div>\n\t\t\t\t<\/div>\n\t\t<div class=\"elementor-element elementor-element-a7eed1a e-flex e-con-boxed e-con e-parent\" data-id=\"a7eed1a\" data-element_type=\"container\">\n\t\t\t\t\t<div class=\"e-con-inner\">\n\t\t<div class=\"elementor-element elementor-element-0ae8be7 e-con-full e-flex e-con e-child\" data-id=\"0ae8be7\" data-element_type=\"container\">\n\t\t\t\t<div class=\"elementor-element elementor-element-0c66865 elementor-widget elementor-widget-text-editor\" data-id=\"0c66865\" data-element_type=\"widget\" data-widget_type=\"text-editor.default\">\n\t\t\t\t\t\t\t\t\t<h5 style=\"text-align: left;\">Devenir Parrain JUDDU<\/h5><p>L\u2019A.S.B.L. \u00a0a opt\u00e9 pour un syst\u00e8me de parrainage comme source de financement.<\/p><p>Juddu recherche des personnes ou des groupes qui s\u2019engagent \u00e0 soutenir, en totalit\u00e9, ou en partie, la scolarit\u00e9 d\u2019un enfant.<\/p><p>Le parrainage est accessible \u00e0 ceux qui souhaitent prendre en charge un ou plusieurs enfants id\u00e9alement pour toute sa scolarit\u00e9 depuis l\u2019\u00e9cole primaire jusqu\u2019aux \u00e9tudes sup\u00e9rieures.<\/p><p>Le co\u00fbt de la scolarisation d\u2019un enfant approche le montant mensuel de 50 \u20ac. L\u2019engagement des parrains se limite th\u00e9oriquement \u00e0 une ann\u00e9e scolaire, \u00e0 charge de Juddu de retrouver d\u2019autres parrains en cas de d\u00e9saffection, mais en g\u00e9n\u00e9ral, les parrains poursuivent leur parrainage tout au long du cursus de l\u2019enfant. Chaque parrain intervient toutefois selon ses possibilit\u00e9s ; en cas de montant inf\u00e9rieur ou de scolarit\u00e9 plus co\u00fbteuse, plusieurs parrainages peuvent \u00eatre regroup\u00e9s.<\/p><p><em>Tout versement au compte de JUDDU-Belgique est fiscalement d\u00e9ductible (40 eur par an an minimum). <\/em><\/p><p>Le parrainage couvre\u00a0:<\/p><ul><li>Le minerval (inscription et mensualit\u00e9s) dans une \u00e9cole priv\u00e9e \u00e0 proximit\u00e9 si possible du domicile de l\u2019enfant.<\/li><li>Le suivi p\u00e9dagogique au Centre de soutien scolaire &#8211; Jeannot Da Sylva.<\/li><li>Le salaire des 3 animateurs au S\u00e9n\u00e9gal.<\/li><li>Frais divers : uniforme, fournitures scolaires, transports, charges du centre etc.<\/li><\/ul><p>Les jeunes en \u00e9tudes sup\u00e9rieures re\u00e7oivent en plus une enveloppe pour couvrir les frais de d\u00e9placement jusqu\u2019aux \u00e9coles sup\u00e9rieures souvent situ\u00e9es \u00e0 Dakar.<\/p><p>Les frais en Europe sont insignifiants (frais de secr\u00e9tariat, bancaires, internet, etc.). La grosse majorit\u00e9 des fonds re\u00e7us vont \u00e0 la scolarisation des jeunes et aux frais qui en d\u00e9coulent. Vous trouverez le d\u00e9tail des comptes en cliquant sur ce lien: <a href=\"https:\/\/www.juddu.org\/wp-content\/uploads\/2025\/09\/Compte-de-resultat-et-Bilan-Consolide-JUDDU-BelgiqueLuxembourg.pdf\" target=\"_blank\" rel=\"noopener\">Comptes annuels<\/a><\/p><p>Deux options de parrainage sont possibles selon le souhait du parrain d\u2019entrer ou pas en relation avec son filleul:<\/p><ul><li>soit un \u201cparrainage-enfant \u201d dans lequel le parrain re\u00e7oit une information sur le cadre de vie de l\u2019enfant parrain\u00e9, ainsi que ses bulletins de mani\u00e8re r\u00e9guli\u00e8re, et pour lequel une relation personnelle est encourag\u00e9e via notamment l\u2019\u00e9change de courrier, mails, etc\u2026<\/li><li>soit un \u201cparrainage-projet\u201d qui finance de mani\u00e8re globale le projet sans d\u00e9signation nominative d\u2019un filleul.<\/li><\/ul><p>P\u00e9riodiquement, une opportunit\u00e9 de voyage au S\u00e9n\u00e9gal est propos\u00e9e aux personnes d\u00e9sireuses d\u2019approfondir leur connexion avec le projet. Le co\u00fbt du s\u00e9jour est\u00a0 \u00e0 charge des voyageurs.<\/p><h5 style=\"text-align: left;\">JUDDU choisit les enfants qui seront parrain\u00e9s<\/h5><p>Le choix des enfants qui entreront dans la grande famille de JUDDU est tr\u00e8s difficile. La proc\u00e9dure se veut impartiale et ind\u00e9pendante\u00a0:<\/p><ol><li>r\u00e9ception des demandes de prise en charge de scolarisation, entretien avec la famille et l&rsquo;enfant.<\/li><li>chaque candidature fait l\u2019objet d\u2019une enqu\u00eate sociale par nos animateurs afin d\u2019analyser le cadre de vie des enfants et leur motivation. Des tests par niveau sont effectu\u00e9s par les enfants afin de d\u00e9terminer le niveau scolaire, les chances de r\u00e9ussite et de proposer la meilleure orientation.<\/li><li>les animateurs \u00e9tablissent une liste hi\u00e9rarchis\u00e9e sur base de crit\u00e8res objectifs visant \u00e0 favoriser les enfants issus de familles en grande difficult\u00e9 ou des enfants orphelins, motiv\u00e9s par l\u2019\u00e9cole, avec un maximum d\u2019un enfant par famille.<\/li><li>envoi de la liste des candidatures \u00e9ligibles en Belgique\/au Luxembourg pour valider les choix.<\/li><li>le comit\u00e9 de suivi \u00e9value le nombre potentiel d\u2019enfants \u00e0 parrainer en fonction des finances et du nombre de parrainages disponibles.<\/li><li>les candidatures \u00e9ligibles sont transmises au S\u00e9n\u00e9gal afin que les familles soient pr\u00e9venues et que les enfants soient inscrits dans les \u00e9coles et les classes qui leur conviennent.<\/li><\/ol><p>Cette proc\u00e9dure se d\u00e9roule tous les ans, d\u00e9butant en avril-mai et se terminant fin ao\u00fbt. Elle implique essentiellement nos trois animateurs au S\u00e9n\u00e9gal. Les b\u00e9n\u00e9voles en Europe n\u2019intervenant que pour valider les choix et d\u00e9terminer le nombre de candidats \u00e0 parrainer.<\/p>\t\t\t\t\t\t\t\t<\/div>\n\t\t\t\t<\/div>\n\t\t<div class=\"elementor-element elementor-element-b81a283 e-con-full e-flex e-con e-child\" data-id=\"b81a283\" data-element_type=\"container\">\n\t\t\t\t<div class=\"elementor-element elementor-element-f0afabc elementor-widget__width-initial elementor-widget elementor-widget-image\" data-id=\"f0afabc\" data-element_type=\"widget\" data-widget_type=\"image.default\">\n\t\t\t\t\t\t\t\t\t\t\t\t\t\t\t<img decoding=\"async\" width=\"163\" height=\"275\" src=\"https:\/\/www.juddu.org\/wp-content\/uploads\/2024\/07\/parrainage-2.jpg\" class=\"attachment-large size-large wp-image-1322\" alt=\"\" srcset=\"https:\/\/www.juddu.org\/wp-content\/uploads\/2024\/07\/parrainage-2.jpg 163w, https:\/\/www.juddu.org\/wp-content\/uploads\/2024\/07\/parrainage-2-7x12.jpg 7w\" sizes=\"(max-width: 163px) 100vw, 163px\" \/>\t\t\t\t\t\t\t\t\t\t\t\t\t\t\t<\/div>\n\t\t\t\t<div class=\"elementor-element elementor-element-5ead042 elementor-widget__width-initial elementor-widget elementor-widget-image\" data-id=\"5ead042\" data-element_type=\"widget\" data-widget_type=\"image.default\">\n\t\t\t\t\t\t\t\t\t\t\t\t\t\t\t<img decoding=\"async\" width=\"218\" height=\"165\" src=\"https:\/\/www.juddu.org\/wp-content\/uploads\/2024\/07\/parrainage-3.jpg\" class=\"attachment-large size-large wp-image-1324\" alt=\"\" srcset=\"https:\/\/www.juddu.org\/wp-content\/uploads\/2024\/07\/parrainage-3.jpg 218w, https:\/\/www.juddu.org\/wp-content\/uploads\/2024\/07\/parrainage-3-16x12.jpg 16w\" sizes=\"(max-width: 218px) 100vw, 218px\" \/>\t\t\t\t\t\t\t\t\t\t\t\t\t\t\t<\/div>\n\t\t\t\t<div class=\"elementor-element elementor-element-eb987f5 elementor-widget__width-initial elementor-widget elementor-widget-image\" data-id=\"eb987f5\" data-element_type=\"widget\" data-widget_type=\"image.default\">\n\t\t\t\t\t\t\t\t\t\t\t\t\t\t\t<img loading=\"lazy\" decoding=\"async\" width=\"185\" height=\"153\" src=\"https:\/\/www.juddu.org\/wp-content\/uploads\/2024\/07\/parrainage-4.jpg\" class=\"attachment-large size-large wp-image-1325\" alt=\"\" srcset=\"https:\/\/www.juddu.org\/wp-content\/uploads\/2024\/07\/parrainage-4.jpg 185w, https:\/\/www.juddu.org\/wp-content\/uploads\/2024\/07\/parrainage-4-15x12.jpg 15w\" sizes=\"(max-width: 185px) 100vw, 185px\" \/>\t\t\t\t\t\t\t\t\t\t\t\t\t\t\t<\/div>\n\t\t\t\t<\/div>\n\t\t\t\t\t<\/div>\n\t\t\t\t<\/div>\n\t\t\t\t<\/div>","protected":false},"excerpt":{"rendered":"<p>Envie de parrainerun enfant du S\u00e9n\u00e9gal ? \u00ab JUDDU s\u00e9lectionne les enfants issus de famille en grande difficult\u00e9ou orphelins (de p\u00e8re ou de m\u00e8re ?) \u00bb T\u00e9l\u00e9charger le formulaire de parrainage Devenir Parrain JUDDU L\u2019A.S.B.L. \u00a0a opt\u00e9 pour un syst\u00e8me de parrainage comme source de financement. Juddu recherche des personnes ou des groupes qui s\u2019engagent [&hellip;]<\/p>","protected":false},"author":1,"featured_media":0,"parent":0,"menu_order":0,"comment_status":"closed","ping_status":"closed","template":"","meta":{"footnotes":""},"class_list":["post-167","page","type-page","status-publish","hentry"],"blocksy_meta":{"disable_header":"no","styles_descriptor":{"styles":{"desktop":"","tablet":"","mobile":""},"google_fonts":[],"version":6},"has_hero_section":"disabled","hero_elements":[{"id":"custom_title","enabled":true,"heading_tag":"h1","title":"Accueil","__id":"WBWMy6zicSuOPr4OSSv50"},{"id":"custom_description","enabled":true,"description_visibility":{"desktop":true,"tablet":true,"mobile":false},"__id":"Zm7Ul8jupbhCh-miE1FgZ","hero_item_spacing":{"desktop":"20","tablet":"20","mobile":"20"}},{"id":"custom_meta","enabled":false,"meta_elements":[{"id":"author","enabled":true,"label":"Par","has_author_avatar":"yes","avatar_size":25},{"id":"post_date","enabled":true,"label":"Sur","date_format_source":"default","date_format":"M j, Y"},{"id":"updated_date","enabled":false,"label":"Sur","date_format_source":"default","date_format":"M j, Y"},{"id":"categories","enabled":false,"label":"Dans","style":"simple"},{"id":"comments","enabled":true}],"page_meta_elements":{"joined":true,"articles_count":true,"comments":true},"__id":"rYcGtdCrlfACdCbFR34iG"},{"id":"breadcrumbs","enabled":false,"__id":"ISNtk9mdXuxbqtWercLLT"}]},"yoast_head":"<!-- This site is optimized with the Yoast SEO plugin v26.7 - https:\/\/yoast.com\/wordpress\/plugins\/seo\/ -->\n<title>Parrainage - JUDDU<\/title>\n<meta name=\"robots\" content=\"index, follow, max-snippet:-1, max-image-preview:large, max-video-preview:-1\" \/>\n<link rel=\"canonical\" href=\"https:\/\/www.juddu.org\/en\/parrainage\/\" \/>\n<meta property=\"og:locale\" content=\"en_GB\" \/>\n<meta property=\"og:type\" content=\"article\" \/>\n<meta property=\"og:title\" content=\"Parrainage - JUDDU\" \/>\n<meta property=\"og:description\" content=\"Envie de parrainerun enfant du S\u00e9n\u00e9gal ? \u00ab JUDDU s\u00e9lectionne les enfants issus de famille en grande difficult\u00e9ou orphelins (de p\u00e8re ou de m\u00e8re ?) \u00bb T\u00e9l\u00e9charger le formulaire de parrainage Devenir Parrain JUDDU L\u2019A.S.B.L. \u00a0a opt\u00e9 pour un syst\u00e8me de parrainage comme source de financement. Juddu recherche des personnes ou des groupes qui s\u2019engagent [&hellip;]\" \/>\n<meta property=\"og:url\" content=\"https:\/\/www.juddu.org\/en\/parrainage\/\" \/>\n<meta property=\"og:site_name\" content=\"JUDDU\" \/>\n<meta property=\"article:modified_time\" content=\"2025-11-10T17:38:02+00:00\" \/>\n<meta property=\"og:image\" content=\"https:\/\/www.juddu.org\/wp-content\/uploads\/2024\/06\/Parrainage-1.jpg\" \/>\n\t<meta property=\"og:image:width\" content=\"2449\" \/>\n\t<meta property=\"og:image:height\" content=\"1632\" \/>\n\t<meta property=\"og:image:type\" content=\"image\/jpeg\" \/>\n<meta name=\"twitter:card\" content=\"summary_large_image\" \/>\n<meta name=\"twitter:label1\" content=\"Estimated reading time\" \/>\n\t<meta name=\"twitter:data1\" content=\"4 minutes\" \/>\n<script type=\"application\/ld+json\" class=\"yoast-schema-graph\">{\"@context\":\"https:\/\/schema.org\",\"@graph\":[{\"@type\":\"WebPage\",\"@id\":\"https:\/\/www.juddu.org\/parrainage\/\",\"url\":\"https:\/\/www.juddu.org\/parrainage\/\",\"name\":\"Parrainage - JUDDU\",\"isPartOf\":{\"@id\":\"https:\/\/www.juddu.org\/#website\"},\"primaryImageOfPage\":{\"@id\":\"https:\/\/www.juddu.org\/parrainage\/#primaryimage\"},\"image\":{\"@id\":\"https:\/\/www.juddu.org\/parrainage\/#primaryimage\"},\"thumbnailUrl\":\"https:\/\/www.juddu.org\/wp-content\/uploads\/2024\/06\/Parrainage-1-1024x682.jpg\",\"datePublished\":\"2024-06-26T09:57:05+00:00\",\"dateModified\":\"2025-11-10T17:38:02+00:00\",\"breadcrumb\":{\"@id\":\"https:\/\/www.juddu.org\/parrainage\/#breadcrumb\"},\"inLanguage\":\"en-GB\",\"potentialAction\":[{\"@type\":\"ReadAction\",\"target\":[\"https:\/\/www.juddu.org\/parrainage\/\"]}]},{\"@type\":\"ImageObject\",\"inLanguage\":\"en-GB\",\"@id\":\"https:\/\/www.juddu.org\/parrainage\/#primaryimage\",\"url\":\"https:\/\/www.juddu.org\/wp-content\/uploads\/2024\/06\/Parrainage-1-1024x682.jpg\",\"contentUrl\":\"https:\/\/www.juddu.org\/wp-content\/uploads\/2024\/06\/Parrainage-1-1024x682.jpg\"},{\"@type\":\"BreadcrumbList\",\"@id\":\"https:\/\/www.juddu.org\/parrainage\/#breadcrumb\",\"itemListElement\":[{\"@type\":\"ListItem\",\"position\":1,\"name\":\"Accueil\",\"item\":\"https:\/\/www.juddu.org\/\"},{\"@type\":\"ListItem\",\"position\":2,\"name\":\"Parrainage\"}]},{\"@type\":\"WebSite\",\"@id\":\"https:\/\/www.juddu.org\/#website\",\"url\":\"https:\/\/www.juddu.org\/\",\"name\":\"JUDDU\",\"description\":\"\",\"publisher\":{\"@id\":\"https:\/\/www.juddu.org\/#organization\"},\"potentialAction\":[{\"@type\":\"SearchAction\",\"target\":{\"@type\":\"EntryPoint\",\"urlTemplate\":\"https:\/\/www.juddu.org\/?s={search_term_string}\"},\"query-input\":{\"@type\":\"PropertyValueSpecification\",\"valueRequired\":true,\"valueName\":\"search_term_string\"}}],\"inLanguage\":\"en-GB\"},{\"@type\":\"Organization\",\"@id\":\"https:\/\/www.juddu.org\/#organization\",\"name\":\"JUDDU\",\"url\":\"https:\/\/www.juddu.org\/\",\"logo\":{\"@type\":\"ImageObject\",\"inLanguage\":\"en-GB\",\"@id\":\"https:\/\/www.juddu.org\/#\/schema\/logo\/image\/\",\"url\":\"https:\/\/www.juddu.org\/wp-content\/uploads\/2024\/06\/juddu-logo.jpg\",\"contentUrl\":\"https:\/\/www.juddu.org\/wp-content\/uploads\/2024\/06\/juddu-logo.jpg\",\"width\":227,\"height\":426,\"caption\":\"JUDDU\"},\"image\":{\"@id\":\"https:\/\/www.juddu.org\/#\/schema\/logo\/image\/\"}}]}<\/script>\n<!-- \/ Yoast SEO plugin. -->","yoast_head_json":{"title":"Parrainage - JUDDU","robots":{"index":"index","follow":"follow","max-snippet":"max-snippet:-1","max-image-preview":"max-image-preview:large","max-video-preview":"max-video-preview:-1"},"canonical":"https:\/\/www.juddu.org\/en\/parrainage\/","og_locale":"en_GB","og_type":"article","og_title":"Parrainage - JUDDU","og_description":"Envie de parrainerun enfant du S\u00e9n\u00e9gal ? \u00ab JUDDU s\u00e9lectionne les enfants issus de famille en grande difficult\u00e9ou orphelins (de p\u00e8re ou de m\u00e8re ?) \u00bb T\u00e9l\u00e9charger le formulaire de parrainage Devenir Parrain JUDDU L\u2019A.S.B.L. \u00a0a opt\u00e9 pour un syst\u00e8me de parrainage comme source de financement. Juddu recherche des personnes ou des groupes qui s\u2019engagent [&hellip;]","og_url":"https:\/\/www.juddu.org\/en\/parrainage\/","og_site_name":"JUDDU","article_modified_time":"2025-11-10T17:38:02+00:00","og_image":[{"width":2449,"height":1632,"url":"https:\/\/www.juddu.org\/wp-content\/uploads\/2024\/06\/Parrainage-1.jpg","type":"image\/jpeg"}],"twitter_card":"summary_large_image","twitter_misc":{"Estimated reading time":"4 minutes"},"schema":{"@context":"https:\/\/schema.org","@graph":[{"@type":"WebPage","@id":"https:\/\/www.juddu.org\/parrainage\/","url":"https:\/\/www.juddu.org\/parrainage\/","name":"Parrainage - JUDDU","isPartOf":{"@id":"https:\/\/www.juddu.org\/#website"},"primaryImageOfPage":{"@id":"https:\/\/www.juddu.org\/parrainage\/#primaryimage"},"image":{"@id":"https:\/\/www.juddu.org\/parrainage\/#primaryimage"},"thumbnailUrl":"https:\/\/www.juddu.org\/wp-content\/uploads\/2024\/06\/Parrainage-1-1024x682.jpg","datePublished":"2024-06-26T09:57:05+00:00","dateModified":"2025-11-10T17:38:02+00:00","breadcrumb":{"@id":"https:\/\/www.juddu.org\/parrainage\/#breadcrumb"},"inLanguage":"en-GB","potentialAction":[{"@type":"ReadAction","target":["https:\/\/www.juddu.org\/parrainage\/"]}]},{"@type":"ImageObject","inLanguage":"en-GB","@id":"https:\/\/www.juddu.org\/parrainage\/#primaryimage","url":"https:\/\/www.juddu.org\/wp-content\/uploads\/2024\/06\/Parrainage-1-1024x682.jpg","contentUrl":"https:\/\/www.juddu.org\/wp-content\/uploads\/2024\/06\/Parrainage-1-1024x682.jpg"},{"@type":"BreadcrumbList","@id":"https:\/\/www.juddu.org\/parrainage\/#breadcrumb","itemListElement":[{"@type":"ListItem","position":1,"name":"Accueil","item":"https:\/\/www.juddu.org\/"},{"@type":"ListItem","position":2,"name":"Parrainage"}]},{"@type":"WebSite","@id":"https:\/\/www.juddu.org\/#website","url":"https:\/\/www.juddu.org\/","name":"JUDDU","description":"","publisher":{"@id":"https:\/\/www.juddu.org\/#organization"},"potentialAction":[{"@type":"SearchAction","target":{"@type":"EntryPoint","urlTemplate":"https:\/\/www.juddu.org\/?s={search_term_string}"},"query-input":{"@type":"PropertyValueSpecification","valueRequired":true,"valueName":"search_term_string"}}],"inLanguage":"en-GB"},{"@type":"Organization","@id":"https:\/\/www.juddu.org\/#organization","name":"JUDDU","url":"https:\/\/www.juddu.org\/","logo":{"@type":"ImageObject","inLanguage":"en-GB","@id":"https:\/\/www.juddu.org\/#\/schema\/logo\/image\/","url":"https:\/\/www.juddu.org\/wp-content\/uploads\/2024\/06\/juddu-logo.jpg","contentUrl":"https:\/\/www.juddu.org\/wp-content\/uploads\/2024\/06\/juddu-logo.jpg","width":227,"height":426,"caption":"JUDDU"},"image":{"@id":"https:\/\/www.juddu.org\/#\/schema\/logo\/image\/"}}]}},"_links":{"self":[{"href":"https:\/\/www.juddu.org\/en\/wp-json\/wp\/v2\/pages\/167","targetHints":{"allow":["GET"]}}],"collection":[{"href":"https:\/\/www.juddu.org\/en\/wp-json\/wp\/v2\/pages"}],"about":[{"href":"https:\/\/www.juddu.org\/en\/wp-json\/wp\/v2\/types\/page"}],"author":[{"embeddable":true,"href":"https:\/\/www.juddu.org\/en\/wp-json\/wp\/v2\/users\/1"}],"replies":[{"embeddable":true,"href":"https:\/\/www.juddu.org\/en\/wp-json\/wp\/v2\/comments?post=167"}],"version-history":[{"count":21,"href":"https:\/\/www.juddu.org\/en\/wp-json\/wp\/v2\/pages\/167\/revisions"}],"predecessor-version":[{"id":2491,"href":"https:\/\/www.juddu.org\/en\/wp-json\/wp\/v2\/pages\/167\/revisions\/2491"}],"wp:attachment":[{"href":"https:\/\/www.juddu.org\/en\/wp-json\/wp\/v2\/media?parent=167"}],"curies":[{"name":"wp","href":"https:\/\/api.w.org\/{rel}","templated":true}]}}