{"id":1146,"date":"2024-07-06T12:19:19","date_gmt":"2024-07-06T10:19:19","guid":{"rendered":"https:\/\/new.juddu.org\/dev\/?page_id=1146"},"modified":"2025-10-23T11:14:18","modified_gmt":"2025-10-23T09:14:18","slug":"suivi-social","status":"publish","type":"page","link":"https:\/\/www.juddu.org\/en\/a-propos\/suivi-social\/","title":{"rendered":"Suivi social"},"content":{"rendered":"<div data-elementor-type=\"wp-page\" data-elementor-id=\"1146\" class=\"elementor elementor-1146\">\n\t\t\t\t<div class=\"elementor-element elementor-element-5e1f366 e-flex e-con-boxed e-con e-parent\" data-id=\"5e1f366\" data-element_type=\"container\">\n\t\t\t\t\t<div class=\"e-con-inner\">\n\t\t<div class=\"elementor-element elementor-element-9e01263 e-con-full e-flex e-con e-child\" data-id=\"9e01263\" data-element_type=\"container\">\n\t\t\t\t<div class=\"elementor-element elementor-element-4f9272b elementor-widget__width-initial elementor-widget elementor-widget-text-editor\" data-id=\"4f9272b\" data-element_type=\"widget\" data-widget_type=\"text-editor.default\">\n\t\t\t\t\t\t\t\t\t<h3 style=\"text-align: center;\"><strong>Suivi social <\/strong><\/h3><h5 style=\"text-align: center;\">\u00ab Parall\u00e8lement au suivi p\u00e9dagogique, <br \/>les animateurs \u00e0 Pikine<br \/>assurent un suivi social des enfants \u00bb<\/h5>\t\t\t\t\t\t\t\t<\/div>\n\t\t\t\t<\/div>\n\t\t<div class=\"elementor-element elementor-element-d97c016 e-con-full e-flex e-con e-child\" data-id=\"d97c016\" data-element_type=\"container\">\n\t\t\t\t<div class=\"elementor-element elementor-element-ddbf945 elementor-widget__width-initial elementor-widget elementor-widget-image\" data-id=\"ddbf945\" data-element_type=\"widget\" data-widget_type=\"image.default\">\n\t\t\t\t\t\t\t\t\t\t\t\t\t\t\t<img fetchpriority=\"high\" decoding=\"async\" width=\"1024\" height=\"682\" src=\"https:\/\/www.juddu.org\/wp-content\/uploads\/2024\/07\/ecole-devoir-cuisine-1024x682.jpg\" class=\"attachment-large size-large wp-image-965\" alt=\"\" srcset=\"https:\/\/www.juddu.org\/wp-content\/uploads\/2024\/07\/ecole-devoir-cuisine-1024x682.jpg 1024w, https:\/\/www.juddu.org\/wp-content\/uploads\/2024\/07\/ecole-devoir-cuisine-300x200.jpg 300w, https:\/\/www.juddu.org\/wp-content\/uploads\/2024\/07\/ecole-devoir-cuisine-768x512.jpg 768w, https:\/\/www.juddu.org\/wp-content\/uploads\/2024\/07\/ecole-devoir-cuisine-1536x1024.jpg 1536w, https:\/\/www.juddu.org\/wp-content\/uploads\/2024\/07\/ecole-devoir-cuisine-2048x1365.jpg 2048w, https:\/\/www.juddu.org\/wp-content\/uploads\/2024\/07\/ecole-devoir-cuisine-18x12.jpg 18w\" sizes=\"(max-width: 1024px) 100vw, 1024px\" \/>\t\t\t\t\t\t\t\t\t\t\t\t\t\t\t<\/div>\n\t\t\t\t<\/div>\n\t\t\t\t\t<\/div>\n\t\t\t\t<\/div>\n\t\t<div class=\"elementor-element elementor-element-f3ed246 e-flex e-con-boxed e-con e-parent\" data-id=\"f3ed246\" data-element_type=\"container\">\n\t\t\t\t\t<div class=\"e-con-inner\">\n\t\t\t\t<div class=\"elementor-element elementor-element-19a49ab elementor-widget__width-initial elementor-widget elementor-widget-text-editor\" data-id=\"19a49ab\" data-element_type=\"widget\" data-widget_type=\"text-editor.default\">\n\t\t\t\t\t\t\t\t\t<p>Parall\u00e8lement au suivi p\u00e9dagogique, les animateurs \u00e0 Pikine assurent un suivi social des enfants, pour garantir un minimum de s\u00e9r\u00e9nit\u00e9, garante d\u2019une \u00e9ducation correcte. En effet, les probl\u00e8mes ne manquent pas dans ces familles particuli\u00e8rement d\u00e9favoris\u00e9es (manque de nourriture et de soins de sant\u00e9).<\/p><p>Dans la mesure de ses possibilit\u00e9s financi\u00e8res, l\u2019A.S.B.L. apporte ponctuellement une aide alimentaire et\/ou m\u00e9dico-pharmaceutique \u00e0 certaines familles totalement d\u00e9pourvues lorsque les besoins se font sentir.<\/p>\t\t\t\t\t\t\t\t<\/div>\n\t\t\t\t\t<\/div>\n\t\t\t\t<\/div>\n\t\t\t\t<\/div>","protected":false},"excerpt":{"rendered":"<p>Suivi social \u00ab Parall\u00e8lement au suivi p\u00e9dagogique, les animateurs \u00e0 Pikineassurent un suivi social des enfants \u00bb Parall\u00e8lement au suivi p\u00e9dagogique, les animateurs \u00e0 Pikine assurent un suivi social des enfants, pour garantir un minimum de s\u00e9r\u00e9nit\u00e9, garante d\u2019une \u00e9ducation correcte. En effet, les probl\u00e8mes ne manquent pas dans ces familles particuli\u00e8rement d\u00e9favoris\u00e9es (manque de [&hellip;]<\/p>","protected":false},"author":1,"featured_media":0,"parent":65,"menu_order":0,"comment_status":"closed","ping_status":"closed","template":"","meta":{"footnotes":""},"class_list":["post-1146","page","type-page","status-publish","hentry"],"blocksy_meta":{"has_hero_section":"disabled","styles_descriptor":{"styles":{"desktop":"","tablet":"","mobile":""},"google_fonts":[],"version":6}},"yoast_head":"<!-- This site is optimized with the Yoast SEO plugin v26.7 - https:\/\/yoast.com\/wordpress\/plugins\/seo\/ -->\n<title>Suivi social - JUDDU<\/title>\n<meta name=\"robots\" content=\"index, follow, max-snippet:-1, max-image-preview:large, max-video-preview:-1\" \/>\n<link rel=\"canonical\" href=\"https:\/\/www.juddu.org\/en\/a-propos\/suivi-social\/\" \/>\n<meta property=\"og:locale\" content=\"en_GB\" \/>\n<meta property=\"og:type\" content=\"article\" \/>\n<meta property=\"og:title\" content=\"Suivi social - JUDDU\" \/>\n<meta property=\"og:description\" content=\"Suivi social \u00ab Parall\u00e8lement au suivi p\u00e9dagogique, les animateurs \u00e0 Pikineassurent un suivi social des enfants \u00bb Parall\u00e8lement au suivi p\u00e9dagogique, les animateurs \u00e0 Pikine assurent un suivi social des enfants, pour garantir un minimum de s\u00e9r\u00e9nit\u00e9, garante d\u2019une \u00e9ducation correcte. En effet, les probl\u00e8mes ne manquent pas dans ces familles particuli\u00e8rement d\u00e9favoris\u00e9es (manque de [&hellip;]\" \/>\n<meta property=\"og:url\" content=\"https:\/\/www.juddu.org\/en\/a-propos\/suivi-social\/\" \/>\n<meta property=\"og:site_name\" content=\"JUDDU\" \/>\n<meta property=\"article:modified_time\" content=\"2025-10-23T09:14:18+00:00\" \/>\n<meta property=\"og:image\" content=\"https:\/\/new.juddu.org\/prod\/wp-content\/uploads\/2024\/07\/ecole-devoir-cuisine-1024x682.jpg\" \/>\n<meta name=\"twitter:card\" content=\"summary_large_image\" \/>\n<meta name=\"twitter:label1\" content=\"Estimated reading time\" \/>\n\t<meta name=\"twitter:data1\" content=\"1 minute\" \/>\n<script type=\"application\/ld+json\" class=\"yoast-schema-graph\">{\"@context\":\"https:\/\/schema.org\",\"@graph\":[{\"@type\":\"WebPage\",\"@id\":\"https:\/\/www.juddu.org\/a-propos\/suivi-social\/\",\"url\":\"https:\/\/www.juddu.org\/a-propos\/suivi-social\/\",\"name\":\"Suivi social - JUDDU\",\"isPartOf\":{\"@id\":\"https:\/\/www.juddu.org\/#website\"},\"primaryImageOfPage\":{\"@id\":\"https:\/\/www.juddu.org\/a-propos\/suivi-social\/#primaryimage\"},\"image\":{\"@id\":\"https:\/\/www.juddu.org\/a-propos\/suivi-social\/#primaryimage\"},\"thumbnailUrl\":\"https:\/\/new.juddu.org\/prod\/wp-content\/uploads\/2024\/07\/ecole-devoir-cuisine-1024x682.jpg\",\"datePublished\":\"2024-07-06T10:19:19+00:00\",\"dateModified\":\"2025-10-23T09:14:18+00:00\",\"breadcrumb\":{\"@id\":\"https:\/\/www.juddu.org\/a-propos\/suivi-social\/#breadcrumb\"},\"inLanguage\":\"en-GB\",\"potentialAction\":[{\"@type\":\"ReadAction\",\"target\":[\"https:\/\/www.juddu.org\/a-propos\/suivi-social\/\"]}]},{\"@type\":\"ImageObject\",\"inLanguage\":\"en-GB\",\"@id\":\"https:\/\/www.juddu.org\/a-propos\/suivi-social\/#primaryimage\",\"url\":\"https:\/\/new.juddu.org\/prod\/wp-content\/uploads\/2024\/07\/ecole-devoir-cuisine-1024x682.jpg\",\"contentUrl\":\"https:\/\/new.juddu.org\/prod\/wp-content\/uploads\/2024\/07\/ecole-devoir-cuisine-1024x682.jpg\"},{\"@type\":\"BreadcrumbList\",\"@id\":\"https:\/\/www.juddu.org\/a-propos\/suivi-social\/#breadcrumb\",\"itemListElement\":[{\"@type\":\"ListItem\",\"position\":1,\"name\":\"Accueil\",\"item\":\"https:\/\/www.juddu.org\/\"},{\"@type\":\"ListItem\",\"position\":2,\"name\":\"Qui sommes-nous\",\"item\":\"https:\/\/www.juddu.org\/a-propos\/\"},{\"@type\":\"ListItem\",\"position\":3,\"name\":\"Suivi social\"}]},{\"@type\":\"WebSite\",\"@id\":\"https:\/\/www.juddu.org\/#website\",\"url\":\"https:\/\/www.juddu.org\/\",\"name\":\"JUDDU\",\"description\":\"\",\"publisher\":{\"@id\":\"https:\/\/www.juddu.org\/#organization\"},\"potentialAction\":[{\"@type\":\"SearchAction\",\"target\":{\"@type\":\"EntryPoint\",\"urlTemplate\":\"https:\/\/www.juddu.org\/?s={search_term_string}\"},\"query-input\":{\"@type\":\"PropertyValueSpecification\",\"valueRequired\":true,\"valueName\":\"search_term_string\"}}],\"inLanguage\":\"en-GB\"},{\"@type\":\"Organization\",\"@id\":\"https:\/\/www.juddu.org\/#organization\",\"name\":\"JUDDU\",\"url\":\"https:\/\/www.juddu.org\/\",\"logo\":{\"@type\":\"ImageObject\",\"inLanguage\":\"en-GB\",\"@id\":\"https:\/\/www.juddu.org\/#\/schema\/logo\/image\/\",\"url\":\"https:\/\/www.juddu.org\/wp-content\/uploads\/2024\/06\/juddu-logo.jpg\",\"contentUrl\":\"https:\/\/www.juddu.org\/wp-content\/uploads\/2024\/06\/juddu-logo.jpg\",\"width\":227,\"height\":426,\"caption\":\"JUDDU\"},\"image\":{\"@id\":\"https:\/\/www.juddu.org\/#\/schema\/logo\/image\/\"}}]}<\/script>\n<!-- \/ Yoast SEO plugin. -->","yoast_head_json":{"title":"Suivi social - JUDDU","robots":{"index":"index","follow":"follow","max-snippet":"max-snippet:-1","max-image-preview":"max-image-preview:large","max-video-preview":"max-video-preview:-1"},"canonical":"https:\/\/www.juddu.org\/en\/a-propos\/suivi-social\/","og_locale":"en_GB","og_type":"article","og_title":"Suivi social - JUDDU","og_description":"Suivi social \u00ab Parall\u00e8lement au suivi p\u00e9dagogique, les animateurs \u00e0 Pikineassurent un suivi social des enfants \u00bb Parall\u00e8lement au suivi p\u00e9dagogique, les animateurs \u00e0 Pikine assurent un suivi social des enfants, pour garantir un minimum de s\u00e9r\u00e9nit\u00e9, garante d\u2019une \u00e9ducation correcte. En effet, les probl\u00e8mes ne manquent pas dans ces familles particuli\u00e8rement d\u00e9favoris\u00e9es (manque de [&hellip;]","og_url":"https:\/\/www.juddu.org\/en\/a-propos\/suivi-social\/","og_site_name":"JUDDU","article_modified_time":"2025-10-23T09:14:18+00:00","og_image":[{"url":"https:\/\/new.juddu.org\/prod\/wp-content\/uploads\/2024\/07\/ecole-devoir-cuisine-1024x682.jpg","type":"","width":"","height":""}],"twitter_card":"summary_large_image","twitter_misc":{"Estimated reading time":"1 minute"},"schema":{"@context":"https:\/\/schema.org","@graph":[{"@type":"WebPage","@id":"https:\/\/www.juddu.org\/a-propos\/suivi-social\/","url":"https:\/\/www.juddu.org\/a-propos\/suivi-social\/","name":"Suivi social - JUDDU","isPartOf":{"@id":"https:\/\/www.juddu.org\/#website"},"primaryImageOfPage":{"@id":"https:\/\/www.juddu.org\/a-propos\/suivi-social\/#primaryimage"},"image":{"@id":"https:\/\/www.juddu.org\/a-propos\/suivi-social\/#primaryimage"},"thumbnailUrl":"https:\/\/new.juddu.org\/prod\/wp-content\/uploads\/2024\/07\/ecole-devoir-cuisine-1024x682.jpg","datePublished":"2024-07-06T10:19:19+00:00","dateModified":"2025-10-23T09:14:18+00:00","breadcrumb":{"@id":"https:\/\/www.juddu.org\/a-propos\/suivi-social\/#breadcrumb"},"inLanguage":"en-GB","potentialAction":[{"@type":"ReadAction","target":["https:\/\/www.juddu.org\/a-propos\/suivi-social\/"]}]},{"@type":"ImageObject","inLanguage":"en-GB","@id":"https:\/\/www.juddu.org\/a-propos\/suivi-social\/#primaryimage","url":"https:\/\/new.juddu.org\/prod\/wp-content\/uploads\/2024\/07\/ecole-devoir-cuisine-1024x682.jpg","contentUrl":"https:\/\/new.juddu.org\/prod\/wp-content\/uploads\/2024\/07\/ecole-devoir-cuisine-1024x682.jpg"},{"@type":"BreadcrumbList","@id":"https:\/\/www.juddu.org\/a-propos\/suivi-social\/#breadcrumb","itemListElement":[{"@type":"ListItem","position":1,"name":"Accueil","item":"https:\/\/www.juddu.org\/"},{"@type":"ListItem","position":2,"name":"Qui sommes-nous","item":"https:\/\/www.juddu.org\/a-propos\/"},{"@type":"ListItem","position":3,"name":"Suivi social"}]},{"@type":"WebSite","@id":"https:\/\/www.juddu.org\/#website","url":"https:\/\/www.juddu.org\/","name":"JUDDU","description":"","publisher":{"@id":"https:\/\/www.juddu.org\/#organization"},"potentialAction":[{"@type":"SearchAction","target":{"@type":"EntryPoint","urlTemplate":"https:\/\/www.juddu.org\/?s={search_term_string}"},"query-input":{"@type":"PropertyValueSpecification","valueRequired":true,"valueName":"search_term_string"}}],"inLanguage":"en-GB"},{"@type":"Organization","@id":"https:\/\/www.juddu.org\/#organization","name":"JUDDU","url":"https:\/\/www.juddu.org\/","logo":{"@type":"ImageObject","inLanguage":"en-GB","@id":"https:\/\/www.juddu.org\/#\/schema\/logo\/image\/","url":"https:\/\/www.juddu.org\/wp-content\/uploads\/2024\/06\/juddu-logo.jpg","contentUrl":"https:\/\/www.juddu.org\/wp-content\/uploads\/2024\/06\/juddu-logo.jpg","width":227,"height":426,"caption":"JUDDU"},"image":{"@id":"https:\/\/www.juddu.org\/#\/schema\/logo\/image\/"}}]}},"_links":{"self":[{"href":"https:\/\/www.juddu.org\/en\/wp-json\/wp\/v2\/pages\/1146","targetHints":{"allow":["GET"]}}],"collection":[{"href":"https:\/\/www.juddu.org\/en\/wp-json\/wp\/v2\/pages"}],"about":[{"href":"https:\/\/www.juddu.org\/en\/wp-json\/wp\/v2\/types\/page"}],"author":[{"embeddable":true,"href":"https:\/\/www.juddu.org\/en\/wp-json\/wp\/v2\/users\/1"}],"replies":[{"embeddable":true,"href":"https:\/\/www.juddu.org\/en\/wp-json\/wp\/v2\/comments?post=1146"}],"version-history":[{"count":3,"href":"https:\/\/www.juddu.org\/en\/wp-json\/wp\/v2\/pages\/1146\/revisions"}],"predecessor-version":[{"id":2348,"href":"https:\/\/www.juddu.org\/en\/wp-json\/wp\/v2\/pages\/1146\/revisions\/2348"}],"up":[{"embeddable":true,"href":"https:\/\/www.juddu.org\/en\/wp-json\/wp\/v2\/pages\/65"}],"wp:attachment":[{"href":"https:\/\/www.juddu.org\/en\/wp-json\/wp\/v2\/media?parent=1146"}],"curies":[{"name":"wp","href":"https:\/\/api.w.org\/{rel}","templated":true}]}}