{"id":1113,"date":"2024-07-05T17:01:08","date_gmt":"2024-07-05T15:01:08","guid":{"rendered":"https:\/\/new.juddu.org\/dev\/?page_id=1113"},"modified":"2025-10-23T11:14:04","modified_gmt":"2025-10-23T09:14:04","slug":"suivi-pedagogique","status":"publish","type":"page","link":"https:\/\/www.juddu.org\/en\/a-propos\/suivi-pedagogique\/","title":{"rendered":"Suivi p\u00e9dagogique"},"content":{"rendered":"<div data-elementor-type=\"wp-page\" data-elementor-id=\"1113\" class=\"elementor elementor-1113\">\n\t\t\t\t<div class=\"elementor-element elementor-element-6e567bd e-flex e-con-boxed e-con e-parent\" data-id=\"6e567bd\" data-element_type=\"container\">\n\t\t\t\t\t<div class=\"e-con-inner\">\n\t\t<div class=\"elementor-element elementor-element-d0d47e0 e-con-full e-flex e-con e-child\" data-id=\"d0d47e0\" data-element_type=\"container\">\n\t\t\t\t<div class=\"elementor-element elementor-element-580b231 elementor-widget__width-initial elementor-widget elementor-widget-text-editor\" data-id=\"580b231\" data-element_type=\"widget\" data-widget_type=\"text-editor.default\">\n\t\t\t\t\t\t\t\t\t<h3 style=\"text-align: center;\"><strong>Suivi p\u00e9dagogique <\/strong><\/h3><h5 style=\"text-align: center;\">\u00ab Un suivi p\u00e9dagogique des enfants <br \/>est organis\u00e9 en dehors des heures de classe<br \/>via l\u2019\u00e9cole des devoirs \u00bb<\/h5>\t\t\t\t\t\t\t\t<\/div>\n\t\t\t\t<\/div>\n\t\t<div class=\"elementor-element elementor-element-844c36a e-con-full e-flex e-con e-child\" data-id=\"844c36a\" data-element_type=\"container\">\n\t\t\t\t<div class=\"elementor-element elementor-element-b27624b elementor-widget__width-initial elementor-widget elementor-widget-image\" data-id=\"b27624b\" data-element_type=\"widget\" data-widget_type=\"image.default\">\n\t\t\t\t\t\t\t\t\t\t\t\t\t\t\t<img decoding=\"async\" width=\"173\" height=\"132\" src=\"https:\/\/www.juddu.org\/wp-content\/uploads\/2024\/07\/ecole-devoir-1.jpg\" class=\"attachment-large size-large wp-image-952\" alt=\"\" srcset=\"https:\/\/www.juddu.org\/wp-content\/uploads\/2024\/07\/ecole-devoir-1.jpg 173w, https:\/\/www.juddu.org\/wp-content\/uploads\/2024\/07\/ecole-devoir-1-16x12.jpg 16w\" sizes=\"(max-width: 173px) 100vw, 173px\" \/>\t\t\t\t\t\t\t\t\t\t\t\t\t\t\t<\/div>\n\t\t\t\t<\/div>\n\t\t\t\t\t<\/div>\n\t\t\t\t<\/div>\n\t\t<div class=\"elementor-element elementor-element-85f9a32 e-flex e-con-boxed e-con e-parent\" data-id=\"85f9a32\" data-element_type=\"container\">\n\t\t\t\t\t<div class=\"e-con-inner\">\n\t\t\t\t<div class=\"elementor-element elementor-element-fdeee77 elementor-widget__width-initial elementor-widget elementor-widget-text-editor\" data-id=\"fdeee77\" data-element_type=\"widget\" data-widget_type=\"text-editor.default\">\n\t\t\t\t\t\t\t\t\t<p>Les enfants sont suivis individuellement, r\u00e9visent leurs le\u00e7ons et sont \u00e9paul\u00e9s pour les mati\u00e8res qui posent plus de difficult\u00e9s. Ces s\u00e9ances de monitorat apportent aux enfants les conditions pour se concentrer et l\u2019aide n\u00e9cessaire pour progresser dans leur apprentissage.<\/p><p>Ce suivi et la gestion du projet sont assur\u00e9s par trois animateurs s\u00e9n\u00e9galais, dont un dipl\u00f4m\u00e9 en \u00e9conomie, ancien \u00e9tudiant soutenu par Juddu devenu directeur du projet. Ce sont les piliers du projet sur place.Ils assurent le lien entre l\u2019\u00e9cole, les parents et Juddu. Ils se chargent de l\u2019inscription des enfants dans les diff\u00e9rentes \u00e9coles, r\u00e8glent les probl\u00e8mes survenus avec les enseignants et v\u00e9rifient la pr\u00e9sence des \u00e9l\u00e8ves aux cours.<\/p><p>Nos collaborateurs s\u00e9n\u00e9galais nous transmettent r\u00e9guli\u00e8rement les r\u00e9sultats scolaires de chaque \u00e9l\u00e8ve, ce qui permet de suivre leur \u00e9volution et d\u2019appr\u00e9cier leurs capacit\u00e9s. L\u2019\u00e9quipe de b\u00e9n\u00e9voles de l\u2019A.S.B.L. assure le relai, le suivi et g\u00e8re les communications entre l\u2019enfant et les parrains\/marraines (bulletins, courriers, etc.).<\/p>\t\t\t\t\t\t\t\t<\/div>\n\t\t\t\t\t<\/div>\n\t\t\t\t<\/div>\n\t\t\t\t<\/div>","protected":false},"excerpt":{"rendered":"<p>Suivi p\u00e9dagogique \u00ab Un suivi p\u00e9dagogique des enfants est organis\u00e9 en dehors des heures de classevia l\u2019\u00e9cole des devoirs \u00bb Les enfants sont suivis individuellement, r\u00e9visent leurs le\u00e7ons et sont \u00e9paul\u00e9s pour les mati\u00e8res qui posent plus de difficult\u00e9s. Ces s\u00e9ances de monitorat apportent aux enfants les conditions pour se concentrer et l\u2019aide n\u00e9cessaire pour [&hellip;]<\/p>","protected":false},"author":1,"featured_media":0,"parent":65,"menu_order":0,"comment_status":"closed","ping_status":"closed","template":"","meta":{"footnotes":""},"class_list":["post-1113","page","type-page","status-publish","hentry"],"blocksy_meta":{"has_hero_section":"disabled","styles_descriptor":{"styles":{"desktop":"","tablet":"","mobile":""},"google_fonts":[],"version":6}},"yoast_head":"<!-- This site is optimized with the Yoast SEO plugin v26.7 - https:\/\/yoast.com\/wordpress\/plugins\/seo\/ -->\n<title>Suivi p\u00e9dagogique - JUDDU<\/title>\n<meta name=\"robots\" content=\"index, follow, max-snippet:-1, max-image-preview:large, max-video-preview:-1\" \/>\n<link rel=\"canonical\" href=\"https:\/\/www.juddu.org\/en\/a-propos\/suivi-pedagogique\/\" \/>\n<meta property=\"og:locale\" content=\"en_GB\" \/>\n<meta property=\"og:type\" content=\"article\" \/>\n<meta property=\"og:title\" content=\"Suivi p\u00e9dagogique - JUDDU\" \/>\n<meta property=\"og:description\" content=\"Suivi p\u00e9dagogique \u00ab Un suivi p\u00e9dagogique des enfants est organis\u00e9 en dehors des heures de classevia l\u2019\u00e9cole des devoirs \u00bb Les enfants sont suivis individuellement, r\u00e9visent leurs le\u00e7ons et sont \u00e9paul\u00e9s pour les mati\u00e8res qui posent plus de difficult\u00e9s. Ces s\u00e9ances de monitorat apportent aux enfants les conditions pour se concentrer et l\u2019aide n\u00e9cessaire pour [&hellip;]\" \/>\n<meta property=\"og:url\" content=\"https:\/\/www.juddu.org\/en\/a-propos\/suivi-pedagogique\/\" \/>\n<meta property=\"og:site_name\" content=\"JUDDU\" \/>\n<meta property=\"article:modified_time\" content=\"2025-10-23T09:14:04+00:00\" \/>\n<meta property=\"og:image\" content=\"https:\/\/new.juddu.org\/prod\/wp-content\/uploads\/2024\/07\/ecole-devoir-1.jpg\" \/>\n<meta name=\"twitter:card\" content=\"summary_large_image\" \/>\n<meta name=\"twitter:label1\" content=\"Estimated reading time\" \/>\n\t<meta name=\"twitter:data1\" content=\"1 minute\" \/>\n<script type=\"application\/ld+json\" class=\"yoast-schema-graph\">{\"@context\":\"https:\/\/schema.org\",\"@graph\":[{\"@type\":\"WebPage\",\"@id\":\"https:\/\/www.juddu.org\/a-propos\/suivi-pedagogique\/\",\"url\":\"https:\/\/www.juddu.org\/a-propos\/suivi-pedagogique\/\",\"name\":\"Suivi p\u00e9dagogique - JUDDU\",\"isPartOf\":{\"@id\":\"https:\/\/www.juddu.org\/#website\"},\"primaryImageOfPage\":{\"@id\":\"https:\/\/www.juddu.org\/a-propos\/suivi-pedagogique\/#primaryimage\"},\"image\":{\"@id\":\"https:\/\/www.juddu.org\/a-propos\/suivi-pedagogique\/#primaryimage\"},\"thumbnailUrl\":\"https:\/\/new.juddu.org\/prod\/wp-content\/uploads\/2024\/07\/ecole-devoir-1.jpg\",\"datePublished\":\"2024-07-05T15:01:08+00:00\",\"dateModified\":\"2025-10-23T09:14:04+00:00\",\"breadcrumb\":{\"@id\":\"https:\/\/www.juddu.org\/a-propos\/suivi-pedagogique\/#breadcrumb\"},\"inLanguage\":\"en-GB\",\"potentialAction\":[{\"@type\":\"ReadAction\",\"target\":[\"https:\/\/www.juddu.org\/a-propos\/suivi-pedagogique\/\"]}]},{\"@type\":\"ImageObject\",\"inLanguage\":\"en-GB\",\"@id\":\"https:\/\/www.juddu.org\/a-propos\/suivi-pedagogique\/#primaryimage\",\"url\":\"https:\/\/new.juddu.org\/prod\/wp-content\/uploads\/2024\/07\/ecole-devoir-1.jpg\",\"contentUrl\":\"https:\/\/new.juddu.org\/prod\/wp-content\/uploads\/2024\/07\/ecole-devoir-1.jpg\"},{\"@type\":\"BreadcrumbList\",\"@id\":\"https:\/\/www.juddu.org\/a-propos\/suivi-pedagogique\/#breadcrumb\",\"itemListElement\":[{\"@type\":\"ListItem\",\"position\":1,\"name\":\"Accueil\",\"item\":\"https:\/\/www.juddu.org\/\"},{\"@type\":\"ListItem\",\"position\":2,\"name\":\"Qui sommes-nous\",\"item\":\"https:\/\/www.juddu.org\/a-propos\/\"},{\"@type\":\"ListItem\",\"position\":3,\"name\":\"Suivi p\u00e9dagogique\"}]},{\"@type\":\"WebSite\",\"@id\":\"https:\/\/www.juddu.org\/#website\",\"url\":\"https:\/\/www.juddu.org\/\",\"name\":\"JUDDU\",\"description\":\"\",\"publisher\":{\"@id\":\"https:\/\/www.juddu.org\/#organization\"},\"potentialAction\":[{\"@type\":\"SearchAction\",\"target\":{\"@type\":\"EntryPoint\",\"urlTemplate\":\"https:\/\/www.juddu.org\/?s={search_term_string}\"},\"query-input\":{\"@type\":\"PropertyValueSpecification\",\"valueRequired\":true,\"valueName\":\"search_term_string\"}}],\"inLanguage\":\"en-GB\"},{\"@type\":\"Organization\",\"@id\":\"https:\/\/www.juddu.org\/#organization\",\"name\":\"JUDDU\",\"url\":\"https:\/\/www.juddu.org\/\",\"logo\":{\"@type\":\"ImageObject\",\"inLanguage\":\"en-GB\",\"@id\":\"https:\/\/www.juddu.org\/#\/schema\/logo\/image\/\",\"url\":\"https:\/\/www.juddu.org\/wp-content\/uploads\/2024\/06\/juddu-logo.jpg\",\"contentUrl\":\"https:\/\/www.juddu.org\/wp-content\/uploads\/2024\/06\/juddu-logo.jpg\",\"width\":227,\"height\":426,\"caption\":\"JUDDU\"},\"image\":{\"@id\":\"https:\/\/www.juddu.org\/#\/schema\/logo\/image\/\"}}]}<\/script>\n<!-- \/ Yoast SEO plugin. -->","yoast_head_json":{"title":"Suivi p\u00e9dagogique - JUDDU","robots":{"index":"index","follow":"follow","max-snippet":"max-snippet:-1","max-image-preview":"max-image-preview:large","max-video-preview":"max-video-preview:-1"},"canonical":"https:\/\/www.juddu.org\/en\/a-propos\/suivi-pedagogique\/","og_locale":"en_GB","og_type":"article","og_title":"Suivi p\u00e9dagogique - JUDDU","og_description":"Suivi p\u00e9dagogique \u00ab Un suivi p\u00e9dagogique des enfants est organis\u00e9 en dehors des heures de classevia l\u2019\u00e9cole des devoirs \u00bb Les enfants sont suivis individuellement, r\u00e9visent leurs le\u00e7ons et sont \u00e9paul\u00e9s pour les mati\u00e8res qui posent plus de difficult\u00e9s. Ces s\u00e9ances de monitorat apportent aux enfants les conditions pour se concentrer et l\u2019aide n\u00e9cessaire pour [&hellip;]","og_url":"https:\/\/www.juddu.org\/en\/a-propos\/suivi-pedagogique\/","og_site_name":"JUDDU","article_modified_time":"2025-10-23T09:14:04+00:00","og_image":[{"url":"https:\/\/new.juddu.org\/prod\/wp-content\/uploads\/2024\/07\/ecole-devoir-1.jpg","type":"","width":"","height":""}],"twitter_card":"summary_large_image","twitter_misc":{"Estimated reading time":"1 minute"},"schema":{"@context":"https:\/\/schema.org","@graph":[{"@type":"WebPage","@id":"https:\/\/www.juddu.org\/a-propos\/suivi-pedagogique\/","url":"https:\/\/www.juddu.org\/a-propos\/suivi-pedagogique\/","name":"Suivi p\u00e9dagogique - JUDDU","isPartOf":{"@id":"https:\/\/www.juddu.org\/#website"},"primaryImageOfPage":{"@id":"https:\/\/www.juddu.org\/a-propos\/suivi-pedagogique\/#primaryimage"},"image":{"@id":"https:\/\/www.juddu.org\/a-propos\/suivi-pedagogique\/#primaryimage"},"thumbnailUrl":"https:\/\/new.juddu.org\/prod\/wp-content\/uploads\/2024\/07\/ecole-devoir-1.jpg","datePublished":"2024-07-05T15:01:08+00:00","dateModified":"2025-10-23T09:14:04+00:00","breadcrumb":{"@id":"https:\/\/www.juddu.org\/a-propos\/suivi-pedagogique\/#breadcrumb"},"inLanguage":"en-GB","potentialAction":[{"@type":"ReadAction","target":["https:\/\/www.juddu.org\/a-propos\/suivi-pedagogique\/"]}]},{"@type":"ImageObject","inLanguage":"en-GB","@id":"https:\/\/www.juddu.org\/a-propos\/suivi-pedagogique\/#primaryimage","url":"https:\/\/new.juddu.org\/prod\/wp-content\/uploads\/2024\/07\/ecole-devoir-1.jpg","contentUrl":"https:\/\/new.juddu.org\/prod\/wp-content\/uploads\/2024\/07\/ecole-devoir-1.jpg"},{"@type":"BreadcrumbList","@id":"https:\/\/www.juddu.org\/a-propos\/suivi-pedagogique\/#breadcrumb","itemListElement":[{"@type":"ListItem","position":1,"name":"Accueil","item":"https:\/\/www.juddu.org\/"},{"@type":"ListItem","position":2,"name":"Qui sommes-nous","item":"https:\/\/www.juddu.org\/a-propos\/"},{"@type":"ListItem","position":3,"name":"Suivi p\u00e9dagogique"}]},{"@type":"WebSite","@id":"https:\/\/www.juddu.org\/#website","url":"https:\/\/www.juddu.org\/","name":"JUDDU","description":"","publisher":{"@id":"https:\/\/www.juddu.org\/#organization"},"potentialAction":[{"@type":"SearchAction","target":{"@type":"EntryPoint","urlTemplate":"https:\/\/www.juddu.org\/?s={search_term_string}"},"query-input":{"@type":"PropertyValueSpecification","valueRequired":true,"valueName":"search_term_string"}}],"inLanguage":"en-GB"},{"@type":"Organization","@id":"https:\/\/www.juddu.org\/#organization","name":"JUDDU","url":"https:\/\/www.juddu.org\/","logo":{"@type":"ImageObject","inLanguage":"en-GB","@id":"https:\/\/www.juddu.org\/#\/schema\/logo\/image\/","url":"https:\/\/www.juddu.org\/wp-content\/uploads\/2024\/06\/juddu-logo.jpg","contentUrl":"https:\/\/www.juddu.org\/wp-content\/uploads\/2024\/06\/juddu-logo.jpg","width":227,"height":426,"caption":"JUDDU"},"image":{"@id":"https:\/\/www.juddu.org\/#\/schema\/logo\/image\/"}}]}},"_links":{"self":[{"href":"https:\/\/www.juddu.org\/en\/wp-json\/wp\/v2\/pages\/1113","targetHints":{"allow":["GET"]}}],"collection":[{"href":"https:\/\/www.juddu.org\/en\/wp-json\/wp\/v2\/pages"}],"about":[{"href":"https:\/\/www.juddu.org\/en\/wp-json\/wp\/v2\/types\/page"}],"author":[{"embeddable":true,"href":"https:\/\/www.juddu.org\/en\/wp-json\/wp\/v2\/users\/1"}],"replies":[{"embeddable":true,"href":"https:\/\/www.juddu.org\/en\/wp-json\/wp\/v2\/comments?post=1113"}],"version-history":[{"count":3,"href":"https:\/\/www.juddu.org\/en\/wp-json\/wp\/v2\/pages\/1113\/revisions"}],"predecessor-version":[{"id":2345,"href":"https:\/\/www.juddu.org\/en\/wp-json\/wp\/v2\/pages\/1113\/revisions\/2345"}],"up":[{"embeddable":true,"href":"https:\/\/www.juddu.org\/en\/wp-json\/wp\/v2\/pages\/65"}],"wp:attachment":[{"href":"https:\/\/www.juddu.org\/en\/wp-json\/wp\/v2\/media?parent=1113"}],"curies":[{"name":"wp","href":"https:\/\/api.w.org\/{rel}","templated":true}]}}