{"id":1058,"date":"2024-07-05T16:35:38","date_gmt":"2024-07-05T14:35:38","guid":{"rendered":"https:\/\/new.juddu.org\/dev\/?page_id=1058"},"modified":"2025-10-23T11:13:50","modified_gmt":"2025-10-23T09:13:50","slug":"centre-de-soutien-scolaire","status":"publish","type":"page","link":"https:\/\/www.juddu.org\/en\/a-propos\/centre-de-soutien-scolaire\/","title":{"rendered":"Centre de soutien scolaire"},"content":{"rendered":"<div data-elementor-type=\"wp-page\" data-elementor-id=\"1058\" class=\"elementor elementor-1058\">\n\t\t\t\t<div class=\"elementor-element elementor-element-df2d246 e-flex e-con-boxed e-con e-parent\" data-id=\"df2d246\" data-element_type=\"container\">\n\t\t\t\t\t<div class=\"e-con-inner\">\n\t\t<div class=\"elementor-element elementor-element-929b317 e-con-full e-flex e-con e-child\" data-id=\"929b317\" data-element_type=\"container\">\n\t\t\t\t<div class=\"elementor-element elementor-element-5fd8b42 elementor-widget__width-initial elementor-widget elementor-widget-text-editor\" data-id=\"5fd8b42\" data-element_type=\"widget\" data-widget_type=\"text-editor.default\">\n\t\t\t\t\t\t\t\t\t<h3 style=\"text-align: center;\"><strong>Centre de soutien scolaire<br \/>Jeannot Da Sylva<br \/><\/strong><\/h3><h5 style=\"text-align: center;\">\u00ab\u00a0En f\u00e9vrier 2023, <br \/>JUDDU a inaugur\u00e9 un nouveau centre <br \/>pour accueillir les enfants <br \/>dans de meilleures conditions apr\u00e8s les cours \u00bb<\/h5>\t\t\t\t\t\t\t\t<\/div>\n\t\t\t\t<\/div>\n\t\t<div class=\"elementor-element elementor-element-c3de181 e-con-full e-flex e-con e-child\" data-id=\"c3de181\" data-element_type=\"container\">\n\t\t\t\t<div class=\"elementor-element elementor-element-3cf5709 elementor-widget__width-initial elementor-widget elementor-widget-image\" data-id=\"3cf5709\" data-element_type=\"widget\" data-widget_type=\"image.default\">\n\t\t\t\t\t\t\t\t\t\t\t\t\t\t\t<img fetchpriority=\"high\" decoding=\"async\" width=\"1024\" height=\"691\" src=\"https:\/\/www.juddu.org\/wp-content\/uploads\/2024\/06\/Picture3-1024x691.jpg\" class=\"attachment-large size-large wp-image-215\" alt=\"\" srcset=\"https:\/\/www.juddu.org\/wp-content\/uploads\/2024\/06\/Picture3-1024x691.jpg 1024w, https:\/\/www.juddu.org\/wp-content\/uploads\/2024\/06\/Picture3-300x202.jpg 300w, https:\/\/www.juddu.org\/wp-content\/uploads\/2024\/06\/Picture3-768x518.jpg 768w, https:\/\/www.juddu.org\/wp-content\/uploads\/2024\/06\/Picture3-1536x1037.jpg 1536w, https:\/\/www.juddu.org\/wp-content\/uploads\/2024\/06\/Picture3-18x12.jpg 18w, https:\/\/www.juddu.org\/wp-content\/uploads\/2024\/06\/Picture3.jpg 1744w\" sizes=\"(max-width: 1024px) 100vw, 1024px\" \/>\t\t\t\t\t\t\t\t\t\t\t\t\t\t\t<\/div>\n\t\t\t\t<\/div>\n\t\t\t\t\t<\/div>\n\t\t\t\t<\/div>\n\t\t<div class=\"elementor-element elementor-element-631c7c8 e-flex e-con-boxed e-con e-parent\" data-id=\"631c7c8\" data-element_type=\"container\">\n\t\t\t\t\t<div class=\"e-con-inner\">\n\t\t<div class=\"elementor-element elementor-element-7fab4e2 e-con-full e-flex e-con e-child\" data-id=\"7fab4e2\" data-element_type=\"container\">\n\t\t\t\t<div class=\"elementor-element elementor-element-670d210 elementor-widget__width-initial elementor-widget elementor-widget-text-editor\" data-id=\"670d210\" data-element_type=\"widget\" data-widget_type=\"text-editor.default\">\n\t\t\t\t\t\t\t\t\t<p>Historiquement, les cours de suivi \u00e9taient organis\u00e9s dans un appartement am\u00e9nag\u00e9 en classes de cours. Avec l\u2019augmentation du nombre d\u2019enfants pris en charge, la situation n\u2019\u00e9tait plus vivable : une r\u00e9flexion approfondie sur les possibilit\u00e9s d\u2019un \u00e9tablissement en propri\u00e9t\u00e9 a \u00e9t\u00e9 initi\u00e9e au milieu des ann\u00e9es 2010-2020.<\/p><p>Peu \u00e0 peu, avec des campagnes de recherche de dons, JUDDU a r\u00e9ussi \u00e0 monter un projet viable et s\u2019est mis en qu\u00eate d\u2019un immeuble ou d&rsquo;un terrain disponible. En 2021, le choix s\u2019est port\u00e9 sur une friche disponible \u00e0 l\u2019achat et situ\u00e9 au c\u0153ur de Pikine. L\u2019acquisition du terrain et la d\u00e9molition des ruines ont \u00e9t\u00e9 rapidement ex\u00e9cut\u00e9es.<\/p><p>Motiv\u00e9s par le concept, beaucoup de parents et de jeunes ont soutenu la construction par de petits gestes ou une implication plus importante\u00a0: &#8211;<\/p><ul><li>les plans de l\u2019avant-projet et de la construction ont \u00e9t\u00e9 r\u00e9alis\u00e9s b\u00e9n\u00e9volement par des jeunes dipl\u00f4m\u00e9s en construction\/architecture, anciens parrain\u00e9s de JUDDU,<\/li><li>plusieurs phases de la d\u00e9molition de la ruine et de la construction\/\u00e9quipement du centre ont \u00e9t\u00e9 r\u00e9alis\u00e9es par des parents d\u2019\u00e9l\u00e8ves ou de sympathisants \u00e0 des tarifs avantageux, voire gratuitement.<\/li><\/ul><p>Le co\u00fbt total de la construction (soit 175.000 \u20ac dont 70.000 \u20ac pour l\u2019achat du terrain) a totalement \u00e9t\u00e9 pris en charge par Juddu Belgique et Juddu Luxembourg gr\u00e2ce \u00e0:<\/p><ul><li>nos provisions accumul\u00e9es \u00e0 cet effet au fil des ann\u00e9es,<\/li><li>des dons d\u2019entreprises belges et luxembourgeoises,<\/li><li>des dons sp\u00e9cifiques de parrains et de particuliers,<\/li><li>des dons d\u2019associations et d\u2019ONG,<\/li><li>les 2 campagnes \u00ab\u00a0d&rsquo;un bout \u00e0 l&rsquo;autre\u00a0\u00bb,<\/li><li>le Bazar International Luxembourg,<\/li><li>des emprunts \u00e0 un taux de 0%.<\/li><\/ul>\t\t\t\t\t\t\t\t<\/div>\n\t\t\t\t<\/div>\n\t\t<div class=\"elementor-element elementor-element-da5eee3 e-con-full e-flex e-con e-child\" data-id=\"da5eee3\" data-element_type=\"container\">\n\t\t<div class=\"elementor-element elementor-element-661ab85 e-con-full e-flex e-con e-child\" data-id=\"661ab85\" data-element_type=\"container\">\n\t\t\t\t<div class=\"elementor-element elementor-element-c44b964 elementor-widget__width-initial elementor-widget elementor-widget-image\" data-id=\"c44b964\" data-element_type=\"widget\" data-widget_type=\"image.default\">\n\t\t\t\t\t\t\t\t\t\t\t\t\t\t\t<img decoding=\"async\" width=\"479\" height=\"671\" src=\"https:\/\/www.juddu.org\/wp-content\/uploads\/2024\/07\/ecole-devoir-3.png\" class=\"attachment-1536x1536 size-1536x1536 wp-image-1400\" alt=\"\" srcset=\"https:\/\/www.juddu.org\/wp-content\/uploads\/2024\/07\/ecole-devoir-3.png 479w, https:\/\/www.juddu.org\/wp-content\/uploads\/2024\/07\/ecole-devoir-3-214x300.png 214w, https:\/\/www.juddu.org\/wp-content\/uploads\/2024\/07\/ecole-devoir-3-9x12.png 9w\" sizes=\"(max-width: 479px) 100vw, 479px\" \/>\t\t\t\t\t\t\t\t\t\t\t\t\t\t\t<\/div>\n\t\t\t\t<div class=\"elementor-element elementor-element-973344a elementor-widget elementor-widget-image\" data-id=\"973344a\" data-element_type=\"widget\" data-widget_type=\"image.default\">\n\t\t\t\t\t\t\t\t\t\t\t\t\t\t\t<img decoding=\"async\" width=\"1024\" height=\"682\" src=\"https:\/\/www.juddu.org\/wp-content\/uploads\/2024\/07\/ecole-devoir-2-1024x682.jpg\" class=\"attachment-large size-large wp-image-1375\" alt=\"\" srcset=\"https:\/\/www.juddu.org\/wp-content\/uploads\/2024\/07\/ecole-devoir-2-1024x682.jpg 1024w, https:\/\/www.juddu.org\/wp-content\/uploads\/2024\/07\/ecole-devoir-2-300x200.jpg 300w, https:\/\/www.juddu.org\/wp-content\/uploads\/2024\/07\/ecole-devoir-2-768x512.jpg 768w, https:\/\/www.juddu.org\/wp-content\/uploads\/2024\/07\/ecole-devoir-2-1536x1024.jpg 1536w, https:\/\/www.juddu.org\/wp-content\/uploads\/2024\/07\/ecole-devoir-2-2048x1365.jpg 2048w, https:\/\/www.juddu.org\/wp-content\/uploads\/2024\/07\/ecole-devoir-2-18x12.jpg 18w\" sizes=\"(max-width: 1024px) 100vw, 1024px\" \/>\t\t\t\t\t\t\t\t\t\t\t\t\t\t\t<\/div>\n\t\t\t\t<\/div>\n\t\t<div class=\"elementor-element elementor-element-8739bcc e-con-full e-flex e-con e-child\" data-id=\"8739bcc\" data-element_type=\"container\">\n\t\t\t\t<\/div>\n\t\t\t\t<\/div>\n\t\t\t\t\t<\/div>\n\t\t\t\t<\/div>\n\t\t\t\t<\/div>","protected":false},"excerpt":{"rendered":"<p>Centre de soutien scolaireJeannot Da Sylva \u00ab\u00a0En f\u00e9vrier 2023, JUDDU a inaugur\u00e9 un nouveau centre pour accueillir les enfants dans de meilleures conditions apr\u00e8s les cours \u00bb Historiquement, les cours de suivi \u00e9taient organis\u00e9s dans un appartement am\u00e9nag\u00e9 en classes de cours. Avec l\u2019augmentation du nombre d\u2019enfants pris en charge, la situation n\u2019\u00e9tait plus vivable [&hellip;]<\/p>","protected":false},"author":1,"featured_media":0,"parent":65,"menu_order":0,"comment_status":"closed","ping_status":"closed","template":"","meta":{"footnotes":""},"class_list":["post-1058","page","type-page","status-publish","hentry"],"blocksy_meta":{"has_hero_section":"disabled","styles_descriptor":{"styles":{"desktop":"","tablet":"","mobile":""},"google_fonts":[],"version":6}},"yoast_head":"<!-- This site is optimized with the Yoast SEO plugin v26.7 - https:\/\/yoast.com\/wordpress\/plugins\/seo\/ -->\n<title>Centre de soutien scolaire - JUDDU<\/title>\n<meta name=\"robots\" content=\"index, follow, max-snippet:-1, max-image-preview:large, max-video-preview:-1\" \/>\n<link rel=\"canonical\" href=\"https:\/\/www.juddu.org\/en\/a-propos\/centre-de-soutien-scolaire\/\" \/>\n<meta property=\"og:locale\" content=\"en_GB\" \/>\n<meta property=\"og:type\" content=\"article\" \/>\n<meta property=\"og:title\" content=\"Centre de soutien scolaire - JUDDU\" \/>\n<meta property=\"og:description\" content=\"Centre de soutien scolaireJeannot Da Sylva \u00ab\u00a0En f\u00e9vrier 2023, JUDDU a inaugur\u00e9 un nouveau centre pour accueillir les enfants dans de meilleures conditions apr\u00e8s les cours \u00bb Historiquement, les cours de suivi \u00e9taient organis\u00e9s dans un appartement am\u00e9nag\u00e9 en classes de cours. Avec l\u2019augmentation du nombre d\u2019enfants pris en charge, la situation n\u2019\u00e9tait plus vivable [&hellip;]\" \/>\n<meta property=\"og:url\" content=\"https:\/\/www.juddu.org\/en\/a-propos\/centre-de-soutien-scolaire\/\" \/>\n<meta property=\"og:site_name\" content=\"JUDDU\" \/>\n<meta property=\"article:modified_time\" content=\"2025-10-23T09:13:50+00:00\" \/>\n<meta property=\"og:image\" content=\"https:\/\/new.juddu.org\/prod\/wp-content\/uploads\/2024\/06\/Picture3-1024x691.jpg\" \/>\n<meta name=\"twitter:card\" content=\"summary_large_image\" \/>\n<meta name=\"twitter:label1\" content=\"Estimated reading time\" \/>\n\t<meta name=\"twitter:data1\" content=\"2 minutes\" \/>\n<script type=\"application\/ld+json\" class=\"yoast-schema-graph\">{\"@context\":\"https:\/\/schema.org\",\"@graph\":[{\"@type\":\"WebPage\",\"@id\":\"https:\/\/www.juddu.org\/a-propos\/centre-de-soutien-scolaire\/\",\"url\":\"https:\/\/www.juddu.org\/a-propos\/centre-de-soutien-scolaire\/\",\"name\":\"Centre de soutien scolaire - JUDDU\",\"isPartOf\":{\"@id\":\"https:\/\/www.juddu.org\/#website\"},\"primaryImageOfPage\":{\"@id\":\"https:\/\/www.juddu.org\/a-propos\/centre-de-soutien-scolaire\/#primaryimage\"},\"image\":{\"@id\":\"https:\/\/www.juddu.org\/a-propos\/centre-de-soutien-scolaire\/#primaryimage\"},\"thumbnailUrl\":\"https:\/\/new.juddu.org\/prod\/wp-content\/uploads\/2024\/06\/Picture3-1024x691.jpg\",\"datePublished\":\"2024-07-05T14:35:38+00:00\",\"dateModified\":\"2025-10-23T09:13:50+00:00\",\"breadcrumb\":{\"@id\":\"https:\/\/www.juddu.org\/a-propos\/centre-de-soutien-scolaire\/#breadcrumb\"},\"inLanguage\":\"en-GB\",\"potentialAction\":[{\"@type\":\"ReadAction\",\"target\":[\"https:\/\/www.juddu.org\/a-propos\/centre-de-soutien-scolaire\/\"]}]},{\"@type\":\"ImageObject\",\"inLanguage\":\"en-GB\",\"@id\":\"https:\/\/www.juddu.org\/a-propos\/centre-de-soutien-scolaire\/#primaryimage\",\"url\":\"https:\/\/new.juddu.org\/prod\/wp-content\/uploads\/2024\/06\/Picture3-1024x691.jpg\",\"contentUrl\":\"https:\/\/new.juddu.org\/prod\/wp-content\/uploads\/2024\/06\/Picture3-1024x691.jpg\"},{\"@type\":\"BreadcrumbList\",\"@id\":\"https:\/\/www.juddu.org\/a-propos\/centre-de-soutien-scolaire\/#breadcrumb\",\"itemListElement\":[{\"@type\":\"ListItem\",\"position\":1,\"name\":\"Accueil\",\"item\":\"https:\/\/www.juddu.org\/\"},{\"@type\":\"ListItem\",\"position\":2,\"name\":\"Qui sommes-nous\",\"item\":\"https:\/\/www.juddu.org\/a-propos\/\"},{\"@type\":\"ListItem\",\"position\":3,\"name\":\"Centre de soutien scolaire\"}]},{\"@type\":\"WebSite\",\"@id\":\"https:\/\/www.juddu.org\/#website\",\"url\":\"https:\/\/www.juddu.org\/\",\"name\":\"JUDDU\",\"description\":\"\",\"publisher\":{\"@id\":\"https:\/\/www.juddu.org\/#organization\"},\"potentialAction\":[{\"@type\":\"SearchAction\",\"target\":{\"@type\":\"EntryPoint\",\"urlTemplate\":\"https:\/\/www.juddu.org\/?s={search_term_string}\"},\"query-input\":{\"@type\":\"PropertyValueSpecification\",\"valueRequired\":true,\"valueName\":\"search_term_string\"}}],\"inLanguage\":\"en-GB\"},{\"@type\":\"Organization\",\"@id\":\"https:\/\/www.juddu.org\/#organization\",\"name\":\"JUDDU\",\"url\":\"https:\/\/www.juddu.org\/\",\"logo\":{\"@type\":\"ImageObject\",\"inLanguage\":\"en-GB\",\"@id\":\"https:\/\/www.juddu.org\/#\/schema\/logo\/image\/\",\"url\":\"https:\/\/www.juddu.org\/wp-content\/uploads\/2024\/06\/juddu-logo.jpg\",\"contentUrl\":\"https:\/\/www.juddu.org\/wp-content\/uploads\/2024\/06\/juddu-logo.jpg\",\"width\":227,\"height\":426,\"caption\":\"JUDDU\"},\"image\":{\"@id\":\"https:\/\/www.juddu.org\/#\/schema\/logo\/image\/\"}}]}<\/script>\n<!-- \/ Yoast SEO plugin. -->","yoast_head_json":{"title":"Centre de soutien scolaire - JUDDU","robots":{"index":"index","follow":"follow","max-snippet":"max-snippet:-1","max-image-preview":"max-image-preview:large","max-video-preview":"max-video-preview:-1"},"canonical":"https:\/\/www.juddu.org\/en\/a-propos\/centre-de-soutien-scolaire\/","og_locale":"en_GB","og_type":"article","og_title":"Centre de soutien scolaire - JUDDU","og_description":"Centre de soutien scolaireJeannot Da Sylva \u00ab\u00a0En f\u00e9vrier 2023, JUDDU a inaugur\u00e9 un nouveau centre pour accueillir les enfants dans de meilleures conditions apr\u00e8s les cours \u00bb Historiquement, les cours de suivi \u00e9taient organis\u00e9s dans un appartement am\u00e9nag\u00e9 en classes de cours. Avec l\u2019augmentation du nombre d\u2019enfants pris en charge, la situation n\u2019\u00e9tait plus vivable [&hellip;]","og_url":"https:\/\/www.juddu.org\/en\/a-propos\/centre-de-soutien-scolaire\/","og_site_name":"JUDDU","article_modified_time":"2025-10-23T09:13:50+00:00","og_image":[{"url":"https:\/\/new.juddu.org\/prod\/wp-content\/uploads\/2024\/06\/Picture3-1024x691.jpg","type":"","width":"","height":""}],"twitter_card":"summary_large_image","twitter_misc":{"Estimated reading time":"2 minutes"},"schema":{"@context":"https:\/\/schema.org","@graph":[{"@type":"WebPage","@id":"https:\/\/www.juddu.org\/a-propos\/centre-de-soutien-scolaire\/","url":"https:\/\/www.juddu.org\/a-propos\/centre-de-soutien-scolaire\/","name":"Centre de soutien scolaire - JUDDU","isPartOf":{"@id":"https:\/\/www.juddu.org\/#website"},"primaryImageOfPage":{"@id":"https:\/\/www.juddu.org\/a-propos\/centre-de-soutien-scolaire\/#primaryimage"},"image":{"@id":"https:\/\/www.juddu.org\/a-propos\/centre-de-soutien-scolaire\/#primaryimage"},"thumbnailUrl":"https:\/\/new.juddu.org\/prod\/wp-content\/uploads\/2024\/06\/Picture3-1024x691.jpg","datePublished":"2024-07-05T14:35:38+00:00","dateModified":"2025-10-23T09:13:50+00:00","breadcrumb":{"@id":"https:\/\/www.juddu.org\/a-propos\/centre-de-soutien-scolaire\/#breadcrumb"},"inLanguage":"en-GB","potentialAction":[{"@type":"ReadAction","target":["https:\/\/www.juddu.org\/a-propos\/centre-de-soutien-scolaire\/"]}]},{"@type":"ImageObject","inLanguage":"en-GB","@id":"https:\/\/www.juddu.org\/a-propos\/centre-de-soutien-scolaire\/#primaryimage","url":"https:\/\/new.juddu.org\/prod\/wp-content\/uploads\/2024\/06\/Picture3-1024x691.jpg","contentUrl":"https:\/\/new.juddu.org\/prod\/wp-content\/uploads\/2024\/06\/Picture3-1024x691.jpg"},{"@type":"BreadcrumbList","@id":"https:\/\/www.juddu.org\/a-propos\/centre-de-soutien-scolaire\/#breadcrumb","itemListElement":[{"@type":"ListItem","position":1,"name":"Accueil","item":"https:\/\/www.juddu.org\/"},{"@type":"ListItem","position":2,"name":"Qui sommes-nous","item":"https:\/\/www.juddu.org\/a-propos\/"},{"@type":"ListItem","position":3,"name":"Centre de soutien scolaire"}]},{"@type":"WebSite","@id":"https:\/\/www.juddu.org\/#website","url":"https:\/\/www.juddu.org\/","name":"JUDDU","description":"","publisher":{"@id":"https:\/\/www.juddu.org\/#organization"},"potentialAction":[{"@type":"SearchAction","target":{"@type":"EntryPoint","urlTemplate":"https:\/\/www.juddu.org\/?s={search_term_string}"},"query-input":{"@type":"PropertyValueSpecification","valueRequired":true,"valueName":"search_term_string"}}],"inLanguage":"en-GB"},{"@type":"Organization","@id":"https:\/\/www.juddu.org\/#organization","name":"JUDDU","url":"https:\/\/www.juddu.org\/","logo":{"@type":"ImageObject","inLanguage":"en-GB","@id":"https:\/\/www.juddu.org\/#\/schema\/logo\/image\/","url":"https:\/\/www.juddu.org\/wp-content\/uploads\/2024\/06\/juddu-logo.jpg","contentUrl":"https:\/\/www.juddu.org\/wp-content\/uploads\/2024\/06\/juddu-logo.jpg","width":227,"height":426,"caption":"JUDDU"},"image":{"@id":"https:\/\/www.juddu.org\/#\/schema\/logo\/image\/"}}]}},"_links":{"self":[{"href":"https:\/\/www.juddu.org\/en\/wp-json\/wp\/v2\/pages\/1058","targetHints":{"allow":["GET"]}}],"collection":[{"href":"https:\/\/www.juddu.org\/en\/wp-json\/wp\/v2\/pages"}],"about":[{"href":"https:\/\/www.juddu.org\/en\/wp-json\/wp\/v2\/types\/page"}],"author":[{"embeddable":true,"href":"https:\/\/www.juddu.org\/en\/wp-json\/wp\/v2\/users\/1"}],"replies":[{"embeddable":true,"href":"https:\/\/www.juddu.org\/en\/wp-json\/wp\/v2\/comments?post=1058"}],"version-history":[{"count":3,"href":"https:\/\/www.juddu.org\/en\/wp-json\/wp\/v2\/pages\/1058\/revisions"}],"predecessor-version":[{"id":2342,"href":"https:\/\/www.juddu.org\/en\/wp-json\/wp\/v2\/pages\/1058\/revisions\/2342"}],"up":[{"embeddable":true,"href":"https:\/\/www.juddu.org\/en\/wp-json\/wp\/v2\/pages\/65"}],"wp:attachment":[{"href":"https:\/\/www.juddu.org\/en\/wp-json\/wp\/v2\/media?parent=1058"}],"curies":[{"name":"wp","href":"https:\/\/api.w.org\/{rel}","templated":true}]}}